{"id":2,"date":"2021-01-03T13:40:41","date_gmt":"2021-01-03T12:40:41","guid":{"rendered":"https:\/\/wordpress.pixelbastler.at\/?page_id=2"},"modified":"2021-05-25T15:39:22","modified_gmt":"2021-05-25T13:39:22","slug":"ueber-uns","status":"publish","type":"page","link":"https:\/\/www.wood-design.at\/?page_id=2","title":{"rendered":"\u00dcber uns"},"content":{"rendered":"\n<div class=\"wp-block-media-text alignwide is-stacked-on-mobile is-image-fill\" style=\"grid-template-columns:28% auto\"><figure class=\"wp-block-media-text__media\" style=\"background-image:url(https:\/\/www.wood-design.at\/wp-content\/uploads\/2021\/05\/14457510041_c6f83e9da6_k-1024x683.jpg);background-position:4% 8%\"><img loading=\"lazy\" decoding=\"async\" width=\"1024\" height=\"683\" src=\"https:\/\/www.wood-design.at\/wp-content\/uploads\/2021\/05\/14457510041_c6f83e9da6_k-1024x683.jpg\" alt=\"\" class=\"wp-image-863 size-full\" srcset=\"https:\/\/www.wood-design.at\/wp-content\/uploads\/2021\/05\/14457510041_c6f83e9da6_k-1024x683.jpg 1024w, https:\/\/www.wood-design.at\/wp-content\/uploads\/2021\/05\/14457510041_c6f83e9da6_k-300x200.jpg 300w, https:\/\/www.wood-design.at\/wp-content\/uploads\/2021\/05\/14457510041_c6f83e9da6_k-768x512.jpg 768w, https:\/\/www.wood-design.at\/wp-content\/uploads\/2021\/05\/14457510041_c6f83e9da6_k-1536x1024.jpg 1536w, https:\/\/www.wood-design.at\/wp-content\/uploads\/2021\/05\/14457510041_c6f83e9da6_k-750x500.jpg 750w, https:\/\/www.wood-design.at\/wp-content\/uploads\/2021\/05\/14457510041_c6f83e9da6_k-262x175.jpg 262w, https:\/\/www.wood-design.at\/wp-content\/uploads\/2021\/05\/14457510041_c6f83e9da6_k-555x370.jpg 555w, https:\/\/www.wood-design.at\/wp-content\/uploads\/2021\/05\/14457510041_c6f83e9da6_k.jpg 2048w\" sizes=\"auto, (max-width: 1024px) 100vw, 1024px\" \/><\/figure><div class=\"wp-block-media-text__content\">\n<p class=\"has-drop-cap\">Gegr\u00fcndet wurde das Unternehmen Wood-Design von Karl Trabe. Sein gesamtes Berufsleben \u00fcber arbeitete er mit dem Material Holz, als Kunst- und M\u00f6beltischler. Seit dem Jahr 2005 besch\u00e4ftigte er sich ausf\u00fchrlich mit dem Handwerk des Drechselns, f\u00fcr die er eine riesengro\u00dfe Leidenschaft entwickelte und sich 2006 schlie\u00dflich dazu entschloss, seine Leidenschaft als Hauptberuf fortzuf\u00fchren.<\/p>\n<\/div><\/div>\n\n\n\n<div class=\"wp-block-media-text alignwide has-media-on-the-right is-stacked-on-mobile is-image-fill\" style=\"grid-template-columns:auto 28%\"><figure class=\"wp-block-media-text__media\" style=\"background-image:url(https:\/\/www.wood-design.at\/wp-content\/uploads\/2021\/05\/14457510041_c6f83e9da6_k-1024x683.jpg);background-position:100% 100%\"><img loading=\"lazy\" decoding=\"async\" width=\"1024\" height=\"683\" src=\"https:\/\/www.wood-design.at\/wp-content\/uploads\/2021\/05\/14457510041_c6f83e9da6_k-1024x683.jpg\" alt=\"\" class=\"wp-image-863 size-full\" srcset=\"https:\/\/www.wood-design.at\/wp-content\/uploads\/2021\/05\/14457510041_c6f83e9da6_k-1024x683.jpg 1024w, https:\/\/www.wood-design.at\/wp-content\/uploads\/2021\/05\/14457510041_c6f83e9da6_k-300x200.jpg 300w, https:\/\/www.wood-design.at\/wp-content\/uploads\/2021\/05\/14457510041_c6f83e9da6_k-768x512.jpg 768w, https:\/\/www.wood-design.at\/wp-content\/uploads\/2021\/05\/14457510041_c6f83e9da6_k-1536x1024.jpg 1536w, https:\/\/www.wood-design.at\/wp-content\/uploads\/2021\/05\/14457510041_c6f83e9da6_k-750x500.jpg 750w, https:\/\/www.wood-design.at\/wp-content\/uploads\/2021\/05\/14457510041_c6f83e9da6_k-262x175.jpg 262w, https:\/\/www.wood-design.at\/wp-content\/uploads\/2021\/05\/14457510041_c6f83e9da6_k-555x370.jpg 555w, https:\/\/www.wood-design.at\/wp-content\/uploads\/2021\/05\/14457510041_c6f83e9da6_k.jpg 2048w\" sizes=\"auto, (max-width: 1024px) 100vw, 1024px\" \/><\/figure><div class=\"wp-block-media-text__content\">\n<p class=\"has-drop-cap\">Sein Sohn Mario Trabe entdeckte 2018 den Werkstoff Holz f\u00fcr sich und entschloss sich ebenfalls selbstst\u00e4ndig zu machen und dieses Handwerk auszu\u00fcben. Der Werkstoff Holz fasziniert uns beide so sehr weil er unendlich viele Gestaltungsm\u00f6glichkeiten zul\u00e4sst und trotzdem immer seinen naturgegebenen Charakter beh\u00e4lt und wir unserer Kreativit\u00e4t freien Lauf lassen k\u00f6nnen.<\/p>\n<\/div><\/div>\n\n\n\n<div class=\"wp-block-media-text alignwide is-stacked-on-mobile is-image-fill\" style=\"grid-template-columns:28% auto\"><figure class=\"wp-block-media-text__media\" style=\"background-image:url(https:\/\/www.wood-design.at\/wp-content\/uploads\/2021\/05\/14457510041_c6f83e9da6_k-1024x683.jpg);background-position:0% 1%\"><img loading=\"lazy\" decoding=\"async\" width=\"1024\" height=\"683\" src=\"https:\/\/www.wood-design.at\/wp-content\/uploads\/2021\/05\/14457510041_c6f83e9da6_k-1024x683.jpg\" alt=\"\" class=\"wp-image-863 size-full\" srcset=\"https:\/\/www.wood-design.at\/wp-content\/uploads\/2021\/05\/14457510041_c6f83e9da6_k-1024x683.jpg 1024w, https:\/\/www.wood-design.at\/wp-content\/uploads\/2021\/05\/14457510041_c6f83e9da6_k-300x200.jpg 300w, https:\/\/www.wood-design.at\/wp-content\/uploads\/2021\/05\/14457510041_c6f83e9da6_k-768x512.jpg 768w, https:\/\/www.wood-design.at\/wp-content\/uploads\/2021\/05\/14457510041_c6f83e9da6_k-1536x1024.jpg 1536w, https:\/\/www.wood-design.at\/wp-content\/uploads\/2021\/05\/14457510041_c6f83e9da6_k-750x500.jpg 750w, https:\/\/www.wood-design.at\/wp-content\/uploads\/2021\/05\/14457510041_c6f83e9da6_k-262x175.jpg 262w, https:\/\/www.wood-design.at\/wp-content\/uploads\/2021\/05\/14457510041_c6f83e9da6_k-555x370.jpg 555w, https:\/\/www.wood-design.at\/wp-content\/uploads\/2021\/05\/14457510041_c6f83e9da6_k.jpg 2048w\" sizes=\"auto, (max-width: 1024px) 100vw, 1024px\" \/><\/figure><div class=\"wp-block-media-text__content\">\n<p class=\"has-drop-cap\">Durch individuelle Anfertigung in sorgf\u00e4ltiger Handarbeit geformt ist jedes Produkt ein Unikat und kein St\u00fcck gleicht dem anderen. Die Wahl des Holzes, ob Wurzel oder Stamm und die Vielzahl von Einfl\u00fcssen und artbedingten Besonderheiten verleihen jedem Objekt seine individuelle Form.<\/p>\n<\/div><\/div>\n\n\n\n<div class=\"wp-block-media-text alignwide has-media-on-the-right is-stacked-on-mobile is-image-fill\" style=\"grid-template-columns:auto 28%\"><figure class=\"wp-block-media-text__media\" style=\"background-image:url(https:\/\/www.wood-design.at\/wp-content\/uploads\/2021\/05\/14457510041_c6f83e9da6_k-1024x683.jpg);background-position:100% 92%\"><img loading=\"lazy\" decoding=\"async\" width=\"1024\" height=\"683\" src=\"https:\/\/www.wood-design.at\/wp-content\/uploads\/2021\/05\/14457510041_c6f83e9da6_k-1024x683.jpg\" alt=\"\" class=\"wp-image-863 size-full\" srcset=\"https:\/\/www.wood-design.at\/wp-content\/uploads\/2021\/05\/14457510041_c6f83e9da6_k-1024x683.jpg 1024w, https:\/\/www.wood-design.at\/wp-content\/uploads\/2021\/05\/14457510041_c6f83e9da6_k-300x200.jpg 300w, https:\/\/www.wood-design.at\/wp-content\/uploads\/2021\/05\/14457510041_c6f83e9da6_k-768x512.jpg 768w, https:\/\/www.wood-design.at\/wp-content\/uploads\/2021\/05\/14457510041_c6f83e9da6_k-1536x1024.jpg 1536w, https:\/\/www.wood-design.at\/wp-content\/uploads\/2021\/05\/14457510041_c6f83e9da6_k-750x500.jpg 750w, https:\/\/www.wood-design.at\/wp-content\/uploads\/2021\/05\/14457510041_c6f83e9da6_k-262x175.jpg 262w, https:\/\/www.wood-design.at\/wp-content\/uploads\/2021\/05\/14457510041_c6f83e9da6_k-555x370.jpg 555w, https:\/\/www.wood-design.at\/wp-content\/uploads\/2021\/05\/14457510041_c6f83e9da6_k.jpg 2048w\" sizes=\"auto, (max-width: 1024px) 100vw, 1024px\" \/><\/figure><div class=\"wp-block-media-text__content\">\n<p class=\"has-drop-cap\">Wenn Sie sich ein wenig Zeit nehmen f\u00fcr unseren Shop, finden Sie mit Sicherheit das etwas andere Geschenk, das durch seine zeitlose Sch\u00f6nheit unverwechselbar bleibt. Wir hoffen, dass ihnen das Betrachten unserer Homepage genauso viel Freude bereitet, wie uns die<br>Arbeit mit Holz!<\/p>\n<\/div><\/div>\n\n\n\n<p><\/p>\n","protected":false},"excerpt":{"rendered":"<p>Gegr\u00fcndet wurde das Unternehmen Wood-Design von Karl Trabe. Sein gesamtes Berufsleben \u00fcber arbeitete er mit dem Material Holz, als Kunst- und M\u00f6beltischler. Seit dem Jahr 2005 besch\u00e4ftigte er sich ausf\u00fchrlich [&hellip;]<\/p>\n","protected":false},"author":1,"featured_media":0,"parent":0,"menu_order":2,"comment_status":"closed","ping_status":"closed","template":"","meta":{"footnotes":""},"class_list":["post-2","page","type-page","status-publish","hentry"],"_links":{"self":[{"href":"https:\/\/www.wood-design.at\/index.php?rest_route=\/wp\/v2\/pages\/2","targetHints":{"allow":["GET"]}}],"collection":[{"href":"https:\/\/www.wood-design.at\/index.php?rest_route=\/wp\/v2\/pages"}],"about":[{"href":"https:\/\/www.wood-design.at\/index.php?rest_route=\/wp\/v2\/types\/page"}],"author":[{"embeddable":true,"href":"https:\/\/www.wood-design.at\/index.php?rest_route=\/wp\/v2\/users\/1"}],"replies":[{"embeddable":true,"href":"https:\/\/www.wood-design.at\/index.php?rest_route=%2Fwp%2Fv2%2Fcomments&post=2"}],"version-history":[{"count":27,"href":"https:\/\/www.wood-design.at\/index.php?rest_route=\/wp\/v2\/pages\/2\/revisions"}],"predecessor-version":[{"id":868,"href":"https:\/\/www.wood-design.at\/index.php?rest_route=\/wp\/v2\/pages\/2\/revisions\/868"}],"wp:attachment":[{"href":"https:\/\/www.wood-design.at\/index.php?rest_route=%2Fwp%2Fv2%2Fmedia&parent=2"}],"curies":[{"name":"wp","href":"https:\/\/api.w.org\/{rel}","templated":true}]}}