{"id":28,"date":"2021-01-03T17:25:00","date_gmt":"2021-01-03T16:25:00","guid":{"rendered":"http:\/\/www.wood-design.at\/wp\/index.php\/homepage\/"},"modified":"2021-03-21T19:22:55","modified_gmt":"2021-03-21T18:22:55","slug":"homepage","status":"publish","type":"page","link":"https:\/\/www.wood-design.at\/","title":{"rendered":"Start"},"content":{"rendered":"\n<h2 class=\"has-text-align-center wp-block-heading\">Neueste Produkte !<\/h2>\n\n\n<div class=\"wc-block-grid wp-block-product-new wc-block-product-new has-3-columns has-multiple-rows\"><ul class=\"wc-block-grid__products\"><li class=\"wc-block-grid__product\">\n\t\t\t\t<a href=\"https:\/\/www.wood-design.at\/?product=korkenzieher-essigbaum\" class=\"wc-block-grid__product-link\">\n\t\t\t\t\t<div class=\"wc-block-grid__product-image\"><img loading=\"lazy\" decoding=\"async\" width=\"262\" height=\"187\" src=\"https:\/\/www.wood-design.at\/wp-content\/uploads\/2023\/05\/DSC_0010-262x187.jpg\" class=\"attachment-woocommerce_thumbnail size-woocommerce_thumbnail\" alt=\"\" srcset=\"https:\/\/www.wood-design.at\/wp-content\/uploads\/2023\/05\/DSC_0010-262x187.jpg 262w, https:\/\/www.wood-design.at\/wp-content\/uploads\/2023\/05\/DSC_0010-300x214.jpg 300w, https:\/\/www.wood-design.at\/wp-content\/uploads\/2023\/05\/DSC_0010-1024x732.jpg 1024w, https:\/\/www.wood-design.at\/wp-content\/uploads\/2023\/05\/DSC_0010-768x549.jpg 768w, https:\/\/www.wood-design.at\/wp-content\/uploads\/2023\/05\/DSC_0010-1536x1097.jpg 1536w, https:\/\/www.wood-design.at\/wp-content\/uploads\/2023\/05\/DSC_0010-2048x1463.jpg 2048w, https:\/\/www.wood-design.at\/wp-content\/uploads\/2023\/05\/DSC_0010-555x397.jpg 555w\" sizes=\"auto, (max-width: 262px) 100vw, 262px\" \/><\/div>\n\t\t\t\t\t<div class=\"wc-block-grid__product-title\">Korkenzieher &#8220;Essigbaum&#8221;<\/div>\n\t\t\t\t<\/a>\n\t\t\t\t\n\t\t\t\t<div class=\"wc-block-grid__product-price price\"><span class=\"woocommerce-Price-amount amount\"><bdi><span class=\"woocommerce-Price-currencySymbol\">&euro;<\/span>32,00<\/bdi><\/span><\/div>\n\t\t\t\t\n\t\t\t\t<div class=\"wp-block-button wc-block-grid__product-add-to-cart\"><a href=\"?add-to-cart=1870\" aria-label=\"Add &ldquo;Korkenzieher &quot;Essigbaum&quot;&rdquo; to your cart\" data-quantity=\"1\" data-product_id=\"1870\" data-product_sku=\"\" rel=\"nofollow\" class=\"wp-block-button__link add_to_cart_button ajax_add_to_cart\">Add to cart<\/a><\/div>\n\t\t\t<\/li><li class=\"wc-block-grid__product\">\n\t\t\t\t<a href=\"https:\/\/www.wood-design.at\/?product=korkenzieher-apfel\" class=\"wc-block-grid__product-link\">\n\t\t\t\t\t<div class=\"wc-block-grid__product-image\"><img loading=\"lazy\" decoding=\"async\" width=\"262\" height=\"187\" src=\"https:\/\/www.wood-design.at\/wp-content\/uploads\/2023\/05\/DSC_0009-262x187.jpg\" class=\"attachment-woocommerce_thumbnail size-woocommerce_thumbnail\" alt=\"\" srcset=\"https:\/\/www.wood-design.at\/wp-content\/uploads\/2023\/05\/DSC_0009-262x187.jpg 262w, https:\/\/www.wood-design.at\/wp-content\/uploads\/2023\/05\/DSC_0009-300x214.jpg 300w, https:\/\/www.wood-design.at\/wp-content\/uploads\/2023\/05\/DSC_0009-1024x732.jpg 1024w, https:\/\/www.wood-design.at\/wp-content\/uploads\/2023\/05\/DSC_0009-768x549.jpg 768w, https:\/\/www.wood-design.at\/wp-content\/uploads\/2023\/05\/DSC_0009-1536x1097.jpg 1536w, https:\/\/www.wood-design.at\/wp-content\/uploads\/2023\/05\/DSC_0009-2048x1463.jpg 2048w, https:\/\/www.wood-design.at\/wp-content\/uploads\/2023\/05\/DSC_0009-555x397.jpg 555w\" sizes=\"auto, (max-width: 262px) 100vw, 262px\" \/><\/div>\n\t\t\t\t\t<div class=\"wc-block-grid__product-title\">Korkenzieher &#8220;Apfel&#8221;<\/div>\n\t\t\t\t<\/a>\n\t\t\t\t\n\t\t\t\t<div class=\"wc-block-grid__product-price price\"><span class=\"woocommerce-Price-amount amount\"><bdi><span class=\"woocommerce-Price-currencySymbol\">&euro;<\/span>32,00<\/bdi><\/span><\/div>\n\t\t\t\t\n\t\t\t\t<div class=\"wp-block-button wc-block-grid__product-add-to-cart\"><a href=\"?add-to-cart=1868\" aria-label=\"Add &ldquo;Korkenzieher &quot;Apfel&quot;&rdquo; to your cart\" data-quantity=\"1\" data-product_id=\"1868\" data-product_sku=\"\" rel=\"nofollow\" class=\"wp-block-button__link add_to_cart_button ajax_add_to_cart\">Add to cart<\/a><\/div>\n\t\t\t<\/li><li class=\"wc-block-grid__product\">\n\t\t\t\t<a href=\"https:\/\/www.wood-design.at\/?product=korkenzieher-wacholder\" class=\"wc-block-grid__product-link\">\n\t\t\t\t\t<div class=\"wc-block-grid__product-image\"><img loading=\"lazy\" decoding=\"async\" width=\"262\" height=\"187\" src=\"https:\/\/www.wood-design.at\/wp-content\/uploads\/2023\/05\/DSC_0008-262x187.jpg\" class=\"attachment-woocommerce_thumbnail size-woocommerce_thumbnail\" alt=\"\" srcset=\"https:\/\/www.wood-design.at\/wp-content\/uploads\/2023\/05\/DSC_0008-262x187.jpg 262w, https:\/\/www.wood-design.at\/wp-content\/uploads\/2023\/05\/DSC_0008-300x214.jpg 300w, https:\/\/www.wood-design.at\/wp-content\/uploads\/2023\/05\/DSC_0008-1024x732.jpg 1024w, https:\/\/www.wood-design.at\/wp-content\/uploads\/2023\/05\/DSC_0008-768x549.jpg 768w, https:\/\/www.wood-design.at\/wp-content\/uploads\/2023\/05\/DSC_0008-1536x1097.jpg 1536w, https:\/\/www.wood-design.at\/wp-content\/uploads\/2023\/05\/DSC_0008-2048x1463.jpg 2048w, https:\/\/www.wood-design.at\/wp-content\/uploads\/2023\/05\/DSC_0008-555x397.jpg 555w\" sizes=\"auto, (max-width: 262px) 100vw, 262px\" \/><\/div>\n\t\t\t\t\t<div class=\"wc-block-grid__product-title\">Korkenzieher &#8220;Wacholder&#8221;<\/div>\n\t\t\t\t<\/a>\n\t\t\t\t\n\t\t\t\t<div class=\"wc-block-grid__product-price price\"><span class=\"woocommerce-Price-amount amount\"><bdi><span class=\"woocommerce-Price-currencySymbol\">&euro;<\/span>32,00<\/bdi><\/span><\/div>\n\t\t\t\t\n\t\t\t\t<div class=\"wp-block-button wc-block-grid__product-add-to-cart\"><a href=\"?add-to-cart=1866\" aria-label=\"Add &ldquo;Korkenzieher &quot;Wacholder&quot;&rdquo; to your cart\" data-quantity=\"1\" data-product_id=\"1866\" data-product_sku=\"\" rel=\"nofollow\" class=\"wp-block-button__link add_to_cart_button ajax_add_to_cart\">Add to cart<\/a><\/div>\n\t\t\t<\/li><li class=\"wc-block-grid__product\">\n\t\t\t\t<a href=\"https:\/\/www.wood-design.at\/?product=korkenzieher-gestockte-birke\" class=\"wc-block-grid__product-link\">\n\t\t\t\t\t<div class=\"wc-block-grid__product-image\"><img loading=\"lazy\" decoding=\"async\" width=\"262\" height=\"187\" src=\"https:\/\/www.wood-design.at\/wp-content\/uploads\/2023\/05\/DSC_0006-262x187.jpg\" class=\"attachment-woocommerce_thumbnail size-woocommerce_thumbnail\" alt=\"\" srcset=\"https:\/\/www.wood-design.at\/wp-content\/uploads\/2023\/05\/DSC_0006-262x187.jpg 262w, https:\/\/www.wood-design.at\/wp-content\/uploads\/2023\/05\/DSC_0006-300x214.jpg 300w, https:\/\/www.wood-design.at\/wp-content\/uploads\/2023\/05\/DSC_0006-1024x732.jpg 1024w, https:\/\/www.wood-design.at\/wp-content\/uploads\/2023\/05\/DSC_0006-768x549.jpg 768w, https:\/\/www.wood-design.at\/wp-content\/uploads\/2023\/05\/DSC_0006-1536x1097.jpg 1536w, https:\/\/www.wood-design.at\/wp-content\/uploads\/2023\/05\/DSC_0006-2048x1463.jpg 2048w, https:\/\/www.wood-design.at\/wp-content\/uploads\/2023\/05\/DSC_0006-555x397.jpg 555w\" sizes=\"auto, (max-width: 262px) 100vw, 262px\" \/><\/div>\n\t\t\t\t\t<div class=\"wc-block-grid__product-title\">Korkenzieher &#8220;gestockte Birke&#8221;<\/div>\n\t\t\t\t<\/a>\n\t\t\t\t\n\t\t\t\t<div class=\"wc-block-grid__product-price price\"><span class=\"woocommerce-Price-amount amount\"><bdi><span class=\"woocommerce-Price-currencySymbol\">&euro;<\/span>32,00<\/bdi><\/span><\/div>\n\t\t\t\t\n\t\t\t\t<div class=\"wp-block-button wc-block-grid__product-add-to-cart\"><a href=\"?add-to-cart=1862\" aria-label=\"Add &ldquo;Korkenzieher &quot;gestockte Birke&quot;&rdquo; to your cart\" data-quantity=\"1\" data-product_id=\"1862\" data-product_sku=\"\" rel=\"nofollow\" class=\"wp-block-button__link add_to_cart_button ajax_add_to_cart\">Add to cart<\/a><\/div>\n\t\t\t<\/li><li class=\"wc-block-grid__product\">\n\t\t\t\t<a href=\"https:\/\/www.wood-design.at\/?product=briefoeffner-olive\" class=\"wc-block-grid__product-link\">\n\t\t\t\t\t<div class=\"wc-block-grid__product-image\"><img loading=\"lazy\" decoding=\"async\" width=\"262\" height=\"196\" src=\"https:\/\/www.wood-design.at\/wp-content\/uploads\/2023\/05\/DSC_0002-262x196.jpg\" class=\"attachment-woocommerce_thumbnail size-woocommerce_thumbnail\" alt=\"\" srcset=\"https:\/\/www.wood-design.at\/wp-content\/uploads\/2023\/05\/DSC_0002-262x196.jpg 262w, https:\/\/www.wood-design.at\/wp-content\/uploads\/2023\/05\/DSC_0002-300x225.jpg 300w, https:\/\/www.wood-design.at\/wp-content\/uploads\/2023\/05\/DSC_0002-1024x768.jpg 1024w, https:\/\/www.wood-design.at\/wp-content\/uploads\/2023\/05\/DSC_0002-768x576.jpg 768w, https:\/\/www.wood-design.at\/wp-content\/uploads\/2023\/05\/DSC_0002-1536x1152.jpg 1536w, https:\/\/www.wood-design.at\/wp-content\/uploads\/2023\/05\/DSC_0002-2048x1536.jpg 2048w, https:\/\/www.wood-design.at\/wp-content\/uploads\/2023\/05\/DSC_0002-555x416.jpg 555w\" sizes=\"auto, (max-width: 262px) 100vw, 262px\" \/><\/div>\n\t\t\t\t\t<div class=\"wc-block-grid__product-title\">Brief\u00f6ffner &#8220;Olive&#8221;<\/div>\n\t\t\t\t<\/a>\n\t\t\t\t\n\t\t\t\t<div class=\"wc-block-grid__product-price price\"><span class=\"woocommerce-Price-amount amount\"><bdi><span class=\"woocommerce-Price-currencySymbol\">&euro;<\/span>24,00<\/bdi><\/span><\/div>\n\t\t\t\t\n\t\t\t\t<div class=\"wp-block-button wc-block-grid__product-add-to-cart\"><a href=\"?add-to-cart=1856\" aria-label=\"Add &ldquo;Brief\u00f6ffner &quot;Olive&quot;&rdquo; to your cart\" data-quantity=\"1\" data-product_id=\"1856\" data-product_sku=\"\" rel=\"nofollow\" class=\"wp-block-button__link add_to_cart_button ajax_add_to_cart\">Add to cart<\/a><\/div>\n\t\t\t<\/li><li class=\"wc-block-grid__product\">\n\t\t\t\t<a href=\"https:\/\/www.wood-design.at\/?product=briefoeffner-gestockte-birke\" class=\"wc-block-grid__product-link\">\n\t\t\t\t\t<div class=\"wc-block-grid__product-image\"><img loading=\"lazy\" decoding=\"async\" width=\"262\" height=\"196\" src=\"https:\/\/www.wood-design.at\/wp-content\/uploads\/2023\/05\/DSC_0001-1-262x196.jpg\" class=\"attachment-woocommerce_thumbnail size-woocommerce_thumbnail\" alt=\"\" srcset=\"https:\/\/www.wood-design.at\/wp-content\/uploads\/2023\/05\/DSC_0001-1-262x196.jpg 262w, https:\/\/www.wood-design.at\/wp-content\/uploads\/2023\/05\/DSC_0001-1-300x225.jpg 300w, https:\/\/www.wood-design.at\/wp-content\/uploads\/2023\/05\/DSC_0001-1-1024x768.jpg 1024w, https:\/\/www.wood-design.at\/wp-content\/uploads\/2023\/05\/DSC_0001-1-768x576.jpg 768w, https:\/\/www.wood-design.at\/wp-content\/uploads\/2023\/05\/DSC_0001-1-1536x1152.jpg 1536w, https:\/\/www.wood-design.at\/wp-content\/uploads\/2023\/05\/DSC_0001-1-2048x1536.jpg 2048w, https:\/\/www.wood-design.at\/wp-content\/uploads\/2023\/05\/DSC_0001-1-555x416.jpg 555w\" sizes=\"auto, (max-width: 262px) 100vw, 262px\" \/><\/div>\n\t\t\t\t\t<div class=\"wc-block-grid__product-title\">Brief\u00f6ffner &#8220;gestockte Birke&#8221;<\/div>\n\t\t\t\t<\/a>\n\t\t\t\t\n\t\t\t\t<div class=\"wc-block-grid__product-price price\"><span class=\"woocommerce-Price-amount amount\"><bdi><span class=\"woocommerce-Price-currencySymbol\">&euro;<\/span>24,00<\/bdi><\/span><\/div>\n\t\t\t\t<div class=\"wc-block-grid__product-rating\"><div class=\"star-rating\" role=\"img\" aria-label=\"Rated 5.00 out of 5\"><span style=\"width:100%\">Rated <strong class=\"rating\">5.00<\/strong> out of 5 based on <span class=\"rating\">1<\/span> customer rating<\/span><\/div><\/div>\n\t\t\t\t<div class=\"wp-block-button wc-block-grid__product-add-to-cart\"><a href=\"?add-to-cart=1852\" aria-label=\"Add &ldquo;Brief\u00f6ffner &quot;gestockte Birke&quot;&rdquo; to your cart\" data-quantity=\"1\" data-product_id=\"1852\" data-product_sku=\"\" rel=\"nofollow\" class=\"wp-block-button__link add_to_cart_button ajax_add_to_cart\">Add to cart<\/a><\/div>\n\t\t\t<\/li><li class=\"wc-block-grid__product\">\n\t\t\t\t<a href=\"https:\/\/www.wood-design.at\/?product=holzschale-apfel\" class=\"wc-block-grid__product-link\">\n\t\t\t\t\t<div class=\"wc-block-grid__product-image\"><img loading=\"lazy\" decoding=\"async\" width=\"262\" height=\"187\" src=\"https:\/\/www.wood-design.at\/wp-content\/uploads\/2023\/02\/DSC_0028-262x187.jpg\" class=\"attachment-woocommerce_thumbnail size-woocommerce_thumbnail\" alt=\"\" srcset=\"https:\/\/www.wood-design.at\/wp-content\/uploads\/2023\/02\/DSC_0028-262x187.jpg 262w, https:\/\/www.wood-design.at\/wp-content\/uploads\/2023\/02\/DSC_0028-300x214.jpg 300w, https:\/\/www.wood-design.at\/wp-content\/uploads\/2023\/02\/DSC_0028-1024x732.jpg 1024w, https:\/\/www.wood-design.at\/wp-content\/uploads\/2023\/02\/DSC_0028-768x549.jpg 768w, https:\/\/www.wood-design.at\/wp-content\/uploads\/2023\/02\/DSC_0028-1536x1097.jpg 1536w, https:\/\/www.wood-design.at\/wp-content\/uploads\/2023\/02\/DSC_0028-2048x1463.jpg 2048w, https:\/\/www.wood-design.at\/wp-content\/uploads\/2023\/02\/DSC_0028-555x396.jpg 555w\" sizes=\"auto, (max-width: 262px) 100vw, 262px\" \/><\/div>\n\t\t\t\t\t<div class=\"wc-block-grid__product-title\">Holzschale Apfel<\/div>\n\t\t\t\t<\/a>\n\t\t\t\t\n\t\t\t\t<div class=\"wc-block-grid__product-price price\"><span class=\"woocommerce-Price-amount amount\"><bdi><span class=\"woocommerce-Price-currencySymbol\">&euro;<\/span>165,00<\/bdi><\/span><\/div>\n\t\t\t\t\n\t\t\t\t<div class=\"wp-block-button wc-block-grid__product-add-to-cart\"><a href=\"https:\/\/www.wood-design.at\/?product=holzschale-apfel\" aria-label=\"Read more about &ldquo;Holzschale Apfel&rdquo;\" data-quantity=\"1\" data-product_id=\"1834\" data-product_sku=\"005\" rel=\"nofollow\" class=\"wp-block-button__link add_to_cart_button ajax_add_to_cart\">Read more<\/a><\/div>\n\t\t\t<\/li><li class=\"wc-block-grid__product\">\n\t\t\t\t<a href=\"https:\/\/www.wood-design.at\/?product=naturrandschale-nuss-4\" class=\"wc-block-grid__product-link\">\n\t\t\t\t\t<div class=\"wc-block-grid__product-image\"><img loading=\"lazy\" decoding=\"async\" width=\"262\" height=\"187\" src=\"https:\/\/www.wood-design.at\/wp-content\/uploads\/2023\/02\/DSC_0026-262x187.jpg\" class=\"attachment-woocommerce_thumbnail size-woocommerce_thumbnail\" alt=\"\" srcset=\"https:\/\/www.wood-design.at\/wp-content\/uploads\/2023\/02\/DSC_0026-262x187.jpg 262w, https:\/\/www.wood-design.at\/wp-content\/uploads\/2023\/02\/DSC_0026-300x214.jpg 300w, https:\/\/www.wood-design.at\/wp-content\/uploads\/2023\/02\/DSC_0026-1024x732.jpg 1024w, https:\/\/www.wood-design.at\/wp-content\/uploads\/2023\/02\/DSC_0026-768x549.jpg 768w, https:\/\/www.wood-design.at\/wp-content\/uploads\/2023\/02\/DSC_0026-1536x1097.jpg 1536w, https:\/\/www.wood-design.at\/wp-content\/uploads\/2023\/02\/DSC_0026-2048x1463.jpg 2048w, https:\/\/www.wood-design.at\/wp-content\/uploads\/2023\/02\/DSC_0026-555x397.jpg 555w\" sizes=\"auto, (max-width: 262px) 100vw, 262px\" \/><\/div>\n\t\t\t\t\t<div class=\"wc-block-grid__product-title\">Naturrandschale Nuss<\/div>\n\t\t\t\t<\/a>\n\t\t\t\t\n\t\t\t\t<div class=\"wc-block-grid__product-price price\"><span class=\"woocommerce-Price-amount amount\"><bdi><span class=\"woocommerce-Price-currencySymbol\">&euro;<\/span>125,00<\/bdi><\/span><\/div>\n\t\t\t\t\n\t\t\t\t<div class=\"wp-block-button wc-block-grid__product-add-to-cart\"><a href=\"https:\/\/www.wood-design.at\/?product=naturrandschale-nuss-4\" aria-label=\"Read more about &ldquo;Naturrandschale Nuss&rdquo;\" data-quantity=\"1\" data-product_id=\"1831\" data-product_sku=\"004\" rel=\"nofollow\" class=\"wp-block-button__link add_to_cart_button ajax_add_to_cart\">Read more<\/a><\/div>\n\t\t\t<\/li><li class=\"wc-block-grid__product\">\n\t\t\t\t<a href=\"https:\/\/www.wood-design.at\/?product=naturrandschale-nuss-5\" class=\"wc-block-grid__product-link\">\n\t\t\t\t\t<div class=\"wc-block-grid__product-image\"><img loading=\"lazy\" decoding=\"async\" width=\"262\" height=\"187\" src=\"https:\/\/www.wood-design.at\/wp-content\/uploads\/2022\/03\/DSC_0003-262x187.jpg\" class=\"attachment-woocommerce_thumbnail size-woocommerce_thumbnail\" alt=\"\" srcset=\"https:\/\/www.wood-design.at\/wp-content\/uploads\/2022\/03\/DSC_0003-262x187.jpg 262w, https:\/\/www.wood-design.at\/wp-content\/uploads\/2022\/03\/DSC_0003-300x214.jpg 300w, https:\/\/www.wood-design.at\/wp-content\/uploads\/2022\/03\/DSC_0003-1024x731.jpg 1024w, https:\/\/www.wood-design.at\/wp-content\/uploads\/2022\/03\/DSC_0003-768x549.jpg 768w, https:\/\/www.wood-design.at\/wp-content\/uploads\/2022\/03\/DSC_0003-1536x1097.jpg 1536w, https:\/\/www.wood-design.at\/wp-content\/uploads\/2022\/03\/DSC_0003-2048x1463.jpg 2048w, https:\/\/www.wood-design.at\/wp-content\/uploads\/2022\/03\/DSC_0003-555x396.jpg 555w\" sizes=\"auto, (max-width: 262px) 100vw, 262px\" \/><\/div>\n\t\t\t\t\t<div class=\"wc-block-grid__product-title\">Naturrandschale &#8220;Nuss&#8221;<\/div>\n\t\t\t\t<\/a>\n\t\t\t\t\n\t\t\t\t<div class=\"wc-block-grid__product-price price\"><span class=\"woocommerce-Price-amount amount\"><bdi><span class=\"woocommerce-Price-currencySymbol\">&euro;<\/span>89,00<\/bdi><\/span><\/div>\n\t\t\t\t\n\t\t\t\t<div class=\"wp-block-button wc-block-grid__product-add-to-cart\"><a href=\"https:\/\/www.wood-design.at\/?product=naturrandschale-nuss-5\" aria-label=\"Read more about &ldquo;Naturrandschale &quot;Nuss&quot;&rdquo;\" data-quantity=\"1\" data-product_id=\"1663\" data-product_sku=\"031\" rel=\"nofollow\" class=\"wp-block-button__link add_to_cart_button ajax_add_to_cart\">Read more<\/a><\/div>\n\t\t\t<\/li><\/ul><\/div>\n\n<div class=\"wc-block-featured-product alignnone has-background-dim\" style=\"background-image:url(https:\/\/www.wood-design.at\/wp-content\/uploads\/2021\/03\/Marille-3-1024x685.jpg);min-height:500px;\"><div class=\"wc-block-featured-product__wrapper\"><h2 class=\"wc-block-featured-product__title\">Flaschen\u00f6ffner Marille<\/h2><div class=\"wc-block-featured-product__description\"><p>Nicht nur f\u00fcr den Schnaps geeignet<\/p>\n<p>Das Kernholz der Marille hat eine orange-dunkelorange F\u00e4rbung. Die Marille ist im Gro\u00dfraum Wien und vor allem in Nieder\u00f6sterreich weit verbreitet, von wo auch wir dieses Holz beziehen. Das Holz wird von uns selbst geschnitten und dann zur weiteren Verarbeitung vorbereitet. Es eignet sich ideal f\u00fcr unser Handwerk des Drechselns und der Holzbearbeitung.<\/p>\n<\/div><div class=\"wc-block-featured-product__price\"><span class=\"woocommerce-Price-amount amount\"><bdi><span class=\"woocommerce-Price-currencySymbol\">&euro;<\/span>25,00<\/bdi><\/span><\/div><div class=\"wc-block-featured-product__link\">\n\n<div class=\"wp-block-button aligncenter\"><a class=\"wp-block-button__link\" href=\"http:\/\/www.wood-design.at\/wp\/index.php\/produkt\/flaschenoeffner-marille\/\">Jetzt einkaufen<\/a><\/div>\n\n<\/div><\/div><\/div>","protected":false},"excerpt":{"rendered":"<p>Neueste Produkte !<\/p>\n","protected":false},"author":1,"featured_media":0,"parent":0,"menu_order":1,"comment_status":"closed","ping_status":"closed","template":"","meta":{"footnotes":""},"class_list":["post-28","page","type-page","status-publish","hentry"],"_links":{"self":[{"href":"https:\/\/www.wood-design.at\/index.php?rest_route=\/wp\/v2\/pages\/28","targetHints":{"allow":["GET"]}}],"collection":[{"href":"https:\/\/www.wood-design.at\/index.php?rest_route=\/wp\/v2\/pages"}],"about":[{"href":"https:\/\/www.wood-design.at\/index.php?rest_route=\/wp\/v2\/types\/page"}],"author":[{"embeddable":true,"href":"https:\/\/www.wood-design.at\/index.php?rest_route=\/wp\/v2\/users\/1"}],"replies":[{"embeddable":true,"href":"https:\/\/www.wood-design.at\/index.php?rest_route=%2Fwp%2Fv2%2Fcomments&post=28"}],"version-history":[{"count":9,"href":"https:\/\/www.wood-design.at\/index.php?rest_route=\/wp\/v2\/pages\/28\/revisions"}],"predecessor-version":[{"id":341,"href":"https:\/\/www.wood-design.at\/index.php?rest_route=\/wp\/v2\/pages\/28\/revisions\/341"}],"wp:attachment":[{"href":"https:\/\/www.wood-design.at\/index.php?rest_route=%2Fwp%2Fv2%2Fmedia&parent=28"}],"curies":[{"name":"wp","href":"https:\/\/api.w.org\/{rel}","templated":true}]}}