{"id":731,"date":"2021-05-10T16:30:00","date_gmt":"2021-05-10T14:30:00","guid":{"rendered":"http:\/\/www.wood-design.at\/wp\/?page_id=731"},"modified":"2021-05-19T12:37:38","modified_gmt":"2021-05-19T10:37:38","slug":"impressum","status":"publish","type":"page","link":"https:\/\/www.wood-design.at\/?page_id=731","title":{"rendered":"Impressum"},"content":{"rendered":"\n<p><strong>Impressum&nbsp;<\/strong><\/p>\n\n\n\n<p>Trabe Mario&nbsp;<\/p>\n\n\n\n<p><strong>Rechnungs- und Postadresse:<\/strong><strong>&nbsp;<\/strong><\/p>\n\n\n\n<p>Schuhmeierplatz 17-18\/6\/7&nbsp;<br>1160 Wien&nbsp;<br>\u00d6sterreich<\/p>\n\n\n\n<p><strong>Werkstatt und Atelier:<\/strong><strong>&nbsp;<\/strong><\/p>\n\n\n\n<p>Kleinneusiedlerstra\u00dfe 23&nbsp;<br>2401 Fischamend<br>\u00d6sterreich&nbsp;<\/p>\n\n\n\n<p>Telefon: +43 650\/7769769&nbsp;<\/p>\n\n\n\n<p>Email: mario.trabe@wood-design.at&nbsp;<\/p>\n\n\n\n<p><strong>GISA-Zahl: <\/strong>31982429&nbsp;<\/p>\n\n\n\n<p><strong>Berufszweig: <\/strong>Erzeuger kunstgewerblicher Gegenst\u00e4nde&nbsp;<\/p>\n\n\n\n<p><strong>Gewerbewortlaut: <\/strong>Erzeugung von kunstgewerblichen Zier- und Schmuckgegenst\u00e4nden aus&nbsp; unedlen Metallen, Draht, Gips, Beton, Holz, Horn, Kunststoff, Leder, textilen Materialien,&nbsp; Stroh, Papier und Glaselementen, Gem\u00fcse und Obst sowie durch F\u00e4deln von&nbsp; Edelsteinen, Silber-, Glas-, Kunststoff- und Filzelementen und das Bemalen und das&nbsp; Verzieren von Holz, Keramik, Porzellan, Seide, Textilien, Billets und Wachswaren&nbsp;<\/p>\n\n\n\n<p><strong>Beh\u00f6rde gem. ECG (E-Commerce Gesetz): <\/strong>Magistratisches Bezirksamt des XVI. Bezirke<\/p>\n\n\n\n<p><em>\u201eWir unterwerfen uns keinem Streitbeteiligungsverfahren. Verbraucher haben\u00a0 jedoch die M\u00f6glichkeit, Beschwerden an die Online-Streitbeilegungsplattform\u00a0 der EU zu richten: https:\/\/ec.europa.eu\/odr. Sie k\u00f6nnen Ihre Beschwerde\u00a0 auch direkt bei uns einbringen: mario.trabe@wood-design.at\u201c<\/em><\/p>\n","protected":false},"excerpt":{"rendered":"<p>Impressum&nbsp; Trabe Mario&nbsp; Rechnungs- und Postadresse:&nbsp; Schuhmeierplatz 17-18\/6\/7&nbsp;1160 Wien&nbsp;\u00d6sterreich Werkstatt und Atelier:&nbsp; Kleinneusiedlerstra\u00dfe 23&nbsp;2401 Fischamend\u00d6sterreich&nbsp; Telefon: +43 650\/7769769&nbsp; Email: mario.trabe@wood-design.at&nbsp; GISA-Zahl: 31982429&nbsp; Berufszweig: Erzeuger kunstgewerblicher Gegenst\u00e4nde&nbsp; Gewerbewortlaut: Erzeugung von kunstgewerblichen [&hellip;]<\/p>\n","protected":false},"author":1,"featured_media":0,"parent":0,"menu_order":0,"comment_status":"closed","ping_status":"closed","template":"","meta":{"footnotes":""},"class_list":["post-731","page","type-page","status-publish","hentry"],"_links":{"self":[{"href":"https:\/\/www.wood-design.at\/index.php?rest_route=\/wp\/v2\/pages\/731","targetHints":{"allow":["GET"]}}],"collection":[{"href":"https:\/\/www.wood-design.at\/index.php?rest_route=\/wp\/v2\/pages"}],"about":[{"href":"https:\/\/www.wood-design.at\/index.php?rest_route=\/wp\/v2\/types\/page"}],"author":[{"embeddable":true,"href":"https:\/\/www.wood-design.at\/index.php?rest_route=\/wp\/v2\/users\/1"}],"replies":[{"embeddable":true,"href":"https:\/\/www.wood-design.at\/index.php?rest_route=%2Fwp%2Fv2%2Fcomments&post=731"}],"version-history":[{"count":4,"href":"https:\/\/www.wood-design.at\/index.php?rest_route=\/wp\/v2\/pages\/731\/revisions"}],"predecessor-version":[{"id":835,"href":"https:\/\/www.wood-design.at\/index.php?rest_route=\/wp\/v2\/pages\/731\/revisions\/835"}],"wp:attachment":[{"href":"https:\/\/www.wood-design.at\/index.php?rest_route=%2Fwp%2Fv2%2Fmedia&parent=731"}],"curies":[{"name":"wp","href":"https:\/\/api.w.org\/{rel}","templated":true}]}}