{"id":831,"date":"2021-05-19T12:32:01","date_gmt":"2021-05-19T10:32:01","guid":{"rendered":"http:\/\/www.wood-design.at\/wp\/?page_id=831"},"modified":"2021-05-19T12:36:01","modified_gmt":"2021-05-19T10:36:01","slug":"widerrufsbelehrung","status":"publish","type":"page","link":"https:\/\/www.wood-design.at\/?page_id=831","title":{"rendered":"Widerrufsbelehrung"},"content":{"rendered":"\n<p>Informationen zur Aus\u00fcbung des Widerrufsrechts im Falle eines Kaufvertrags \u00fcber die Lieferung einer oder mehrerer Waren in einer Sendung&nbsp;<\/p>\n\n\n\n<p><strong>Widerrufsbelehrung<\/strong><\/p>\n\n\n\n<p><strong>Widerrufsrecht&nbsp;<\/strong><\/p>\n\n\n\n<p>Sie haben das Recht, binnen vierzehn Tagen ohne Angabe von Gr\u00fcnden diesen Vertrag zu widerrufen.&nbsp;<\/p>\n\n\n\n<p>Die Widerrufsfrist betr\u00e4gt vierzehn Tage. Sie beginnt<\/p>\n\n\n\n<ul class=\"wp-block-list\"><li>mit dem Tag, an dem Sie oder ein von Ihnen benannter Dritter, der nicht der Bef\u00f6rderer ist, die Waren in Besitz genommen haben bzw. hat;<\/li><li>wenn Sie mehrere Waren im Rahmen einer einheitlichen Bestellung bestellt haben, die getrennt geliefert werden, mit dem Tag, an dem Sie oder ein von Ihnen benannter Dritter, der nicht der Bef\u00f6rderer ist, die letzte Ware in Besitz genommen haben bzw. hat;&nbsp;<\/li><li>bei Lieferung einer Ware in mehreren Teilsendungen mit dem Tag, an dem Sie oder ein von Ihnen benannter Dritter, der nicht der Bef\u00f6rderer ist, die letzte Teilsendung oder das letzte St\u00fcck in Besitz genommen haben bzw. hat.<\/li><\/ul>\n\n\n\n<p>Um Ihr Widerrufsrecht auszu\u00fcben, m\u00fcssen Sie uns [Mario Trabe, Schuhmeierplatz 17-18\/6\/7, 1160 Wien \u00d6sterreich, E-Mail: <a href=\"mailto:mario.trabe@gmx.at\">mario.trabe@gmx.at<\/a>, Telefon: 0650\/7769769] ] mittels einer eindeutigen Erkl\u00e4rung (z.B. ein mit der Post versandter Brief oder E-Mail) \u00fcber Ihren Entschluss, diesen Vertrag zu widerrufen, informieren. Sie k\u00f6nnen daf\u00fcr das beigef\u00fcgte Muster-Widerrufsformular verwenden, das jedoch nicht vorgeschrieben ist. Zur Wahrung der Widerrufsfrist reicht es aus, dass Sie die Mitteilung \u00fcber die Aus\u00fcbung des Widerrufsrechts vor Ablauf der Widerrufsfrist absenden.&nbsp;<\/p>\n\n\n\n<p><strong>Folgen des Widerrufs&nbsp;<\/strong><\/p>\n\n\n\n<p>Wenn Sie diesen Vertrag widerrufen, haben wir Ihnen alle Zahlungen, die wir von Ihnen erhalten haben, einschlie\u00dflich der Lieferkosten (mit Ausnahme der zus\u00e4tzlichen Kosten, die sich daraus ergeben, dass Sie eine andere Art der Lieferung als die von uns angebotene, g\u00fcnstigste Standardlieferung gew\u00e4hlt haben), unverz\u00fcglich und sp\u00e4testens binnen vierzehn Tagen ab dem Tag zur\u00fcckzuzahlen, an dem die Mitteilung \u00fcber Ihren Widerruf dieses Vertrags bei uns eingegangen ist. F\u00fcr diese R\u00fcckzahlung verwenden wir dasselbe Zahlungsmittel, das Sie bei der urspr\u00fcnglichen Transaktion eingesetzt haben, es sei denn, mit Ihnen wurde ausdr\u00fccklich etwas anderes vereinbart; in keinem Fall werden Ihnen wegen dieser R\u00fcckzahlung Entgelte berechnet.&nbsp;<\/p>\n\n\n\n<p>Wurde die Ware bereits an Sie \u00fcbermittelt, k\u00f6nnen wir die R\u00fcckzahlung verweigern, bis wir die Waren wieder zur\u00fcckerhalten haben oder bis Sie den Nachweis erbracht haben, dass Sie die Waren zur\u00fcckgesandt haben, je nachdem, welches der fr\u00fchere Zeitpunkt ist.&nbsp;<\/p>\n\n\n\n<p>Sie haben die Waren unverz\u00fcglich und in jedem Fall sp\u00e4testens binnen vierzehn Tagen ab dem Tag, an dem Sie uns \u00fcber den Widerruf dieses Vertrags unterrichten, an uns zur\u00fcckzusenden oder zu \u00fcbergeben.&nbsp;<\/p>\n\n\n\n<p>Die Frist ist gewahrt, wenn Sie die Waren vor Ablauf der Frist von vierzehn Tagen absenden. Sie tragen die unmittelbaren Kosten der R\u00fccksendung der Waren. K\u00f6nnen die Waren aufgrund ihrer Beschaffenheit nicht von Ihnen \u00fcber den Postweg \u00fcbermittelt werden, so wir den Transport organisieren und Sie tragen die Kosten der R\u00fccksendung. Diese Kosten werden auf h\u00f6chstens 50 EUR gesch\u00e4tzt.<\/p>\n\n\n\n<p>Sie m\u00fcssen f\u00fcr einen etwaigen Wertverlust der Waren aufkommen, wenn dieser Wertverlust auf einen zur Pr\u00fcfung der Beschaffenheit, Eigenschaften und Funktionsweise der Waren nicht notwendigen Umgang durch Sie zur\u00fcckzuf\u00fchren ist. Die Ware sollte in ungen\u00fctztem und als neu wiederverkaufsf\u00e4higem Zustand und in der Originalverpackung zur\u00fcckgeschickt werden.<\/p>\n\n\n\n<p>Sie haben jedenfalls <strong>kein<\/strong> R\u00fccktrittsrecht bei Vertr\u00e4gen \u00fcber<\/p>\n\n\n\n<ul class=\"wp-block-list\"><li>Waren, die nach Ihren Kundenspezifikationen angefertigt werden oder eindeutig auf von Ihnen bekanntgegebene pers\u00f6nliche Bed\u00fcrfnisse zugeschnitten ist;<\/li><li>Waren, die versiegelt geliefert werden und aus Gr\u00fcnden des Gesundheitsschutzes oder aus Hygienegr\u00fcnden nicht zur R\u00fcckgabe geeignet sind, sofern deren Versiegelung nach der Lieferung entfernt wurde.<\/li><\/ul>\n\n\n\n<p>Widerrufsformular (Wenn Sie den Vertrag widerrufen wollen, dann f\u00fcllen Sie bitte dieses Formular aus und senden Sie es zur\u00fcck)<\/p>\n\n\n\n<ul class=\"wp-block-list\"><li>An Mario Trabe, Schuhmeierplatz 17-18\/6\/7, 1160 Wien; Telefon: +43 (0)650\/7769769; E-Mail: <a href=\"mailto:mario.trabe@gmx.at\">mario.trabe@gmx.at<\/a>.<\/li><\/ul>\n\n\n\n<ul class=\"wp-block-list\"><li>Hiermit widerrufe(n) ich\/wir (*) den von mir\/uns (*) abgeschlossenen Vertrag \u00fcber den Kauf der folgenden Waren (*) ______________.<\/li><\/ul>\n\n\n\n<ul class=\"wp-block-list\"><li>Bestellt am (*)\/erhalten am (*)<\/li><\/ul>\n\n\n\n<ul class=\"wp-block-list\"><li>Name des\/der Verbraucher(s)<\/li><\/ul>\n\n\n\n<ul class=\"wp-block-list\"><li>Anschrift des\/der Verbraucher(s)<\/li><\/ul>\n\n\n\n<ul class=\"wp-block-list\"><li>Unterschrift des\/der Verbraucher(s) (nur bei Mitteilung auf Papier)<\/li><\/ul>\n\n\n\n<ul class=\"wp-block-list\"><li>Datum<\/li><\/ul>\n\n\n\n<p>(*) Unzutreffendes streichen bzw.<\/p>\n","protected":false},"excerpt":{"rendered":"<p>Informationen zur Aus\u00fcbung des Widerrufsrechts im Falle eines Kaufvertrags \u00fcber die Lieferung einer oder mehrerer Waren in einer Sendung&nbsp; Widerrufsbelehrung Widerrufsrecht&nbsp; Sie haben das Recht, binnen vierzehn Tagen ohne Angabe [&hellip;]<\/p>\n","protected":false},"author":1,"featured_media":0,"parent":0,"menu_order":0,"comment_status":"closed","ping_status":"closed","template":"","meta":{"footnotes":""},"class_list":["post-831","page","type-page","status-publish","hentry"],"_links":{"self":[{"href":"https:\/\/www.wood-design.at\/index.php?rest_route=\/wp\/v2\/pages\/831","targetHints":{"allow":["GET"]}}],"collection":[{"href":"https:\/\/www.wood-design.at\/index.php?rest_route=\/wp\/v2\/pages"}],"about":[{"href":"https:\/\/www.wood-design.at\/index.php?rest_route=\/wp\/v2\/types\/page"}],"author":[{"embeddable":true,"href":"https:\/\/www.wood-design.at\/index.php?rest_route=\/wp\/v2\/users\/1"}],"replies":[{"embeddable":true,"href":"https:\/\/www.wood-design.at\/index.php?rest_route=%2Fwp%2Fv2%2Fcomments&post=831"}],"version-history":[{"count":2,"href":"https:\/\/www.wood-design.at\/index.php?rest_route=\/wp\/v2\/pages\/831\/revisions"}],"predecessor-version":[{"id":834,"href":"https:\/\/www.wood-design.at\/index.php?rest_route=\/wp\/v2\/pages\/831\/revisions\/834"}],"wp:attachment":[{"href":"https:\/\/www.wood-design.at\/index.php?rest_route=%2Fwp%2Fv2%2Fmedia&parent=831"}],"curies":[{"name":"wp","href":"https:\/\/api.w.org\/{rel}","templated":true}]}}