{"id":1001,"date":"2021-06-01T15:40:07","date_gmt":"2021-06-01T13:40:07","guid":{"rendered":"https:\/\/www.wood-design.at\/?post_type=product&#038;p=1001"},"modified":"2023-05-07T10:50:00","modified_gmt":"2023-05-07T08:50:00","slug":"korkenzieher-eibe","status":"publish","type":"product","link":"https:\/\/www.wood-design.at\/?product=korkenzieher-eibe","title":{"rendered":"Korkenzieher &#8220;Eibe&#8221;"},"content":{"rendered":"","protected":false},"excerpt":{"rendered":"<p>Feuerrot<br \/>\nDie Eibe z\u00e4hlt bei uns in Europa zu einem eher raren Holz. Der Grund daf\u00fcr liegt hierbei, weil sie fr\u00fcher aufgrund ihrer H\u00e4rte, sehr gerne f\u00fcr den englischen Langbogenbau verwendet wurde. Deshalb darf dieses Holz nur aus vereinzelten Gr\u00fcnden, wie zum Beispiel aus Baulichen Gr\u00fcnden etc., geschnitten werden was die Anschaffung erschwert. Noch hinzu kommt das die Eibe ein sehr langsam wachsender Baum ist. Die Eibe enth\u00e4lt teilweise sehr viele kleine Ver\u00e4stelungen, was man auch als Augen bezeichnet und sie dann den Beinamen Maser Eibe erh\u00e4lt. Mit der Lagerfeuerroten F\u00e4rbung des Holzes und den vielen Augen z\u00e4hlt sie somit zu einer unserer sch\u00f6nsten Holzarten!<\/p>\n","protected":false},"featured_media":1876,"comment_status":"open","ping_status":"closed","template":"","meta":[],"class_list":{"0":"post-1001","1":"product","2":"type-product","3":"status-publish","4":"has-post-thumbnail","6":"product_cat-korkenzieherflaschenverschluss","8":"first","9":"instock","10":"taxable","11":"shipping-taxable","12":"purchasable","13":"product-type-simple"},"_links":{"self":[{"href":"https:\/\/www.wood-design.at\/index.php?rest_route=\/wp\/v2\/product\/1001","targetHints":{"allow":["GET"]}}],"collection":[{"href":"https:\/\/www.wood-design.at\/index.php?rest_route=\/wp\/v2\/product"}],"about":[{"href":"https:\/\/www.wood-design.at\/index.php?rest_route=\/wp\/v2\/types\/product"}],"replies":[{"embeddable":true,"href":"https:\/\/www.wood-design.at\/index.php?rest_route=%2Fwp%2Fv2%2Fcomments&post=1001"}],"wp:featuredmedia":[{"embeddable":true,"href":"https:\/\/www.wood-design.at\/index.php?rest_route=\/wp\/v2\/media\/1876"}],"wp:attachment":[{"href":"https:\/\/www.wood-design.at\/index.php?rest_route=%2Fwp%2Fv2%2Fmedia&parent=1001"}],"curies":[{"name":"wp","href":"https:\/\/api.w.org\/{rel}","templated":true}]}}