{"id":1006,"date":"2021-06-01T15:47:46","date_gmt":"2021-06-01T13:47:46","guid":{"rendered":"https:\/\/www.wood-design.at\/?post_type=product&#038;p=1006"},"modified":"2024-06-13T10:10:28","modified_gmt":"2024-06-13T08:10:28","slug":"korkenzieher-goldregen","status":"publish","type":"product","link":"https:\/\/www.wood-design.at\/?product=korkenzieher-goldregen","title":{"rendered":"Korkenzieher &#8220;Goldregen&#8221;"},"content":{"rendered":"","protected":false},"excerpt":{"rendered":"<p>Nicht nur Goldig<br \/>\nDer Goldregen ist aufgrund seiner Bl\u00fctenpracht ein sehr beliebter Zierstrauch. Das Holz des Goldregens hat eine sehr sch\u00f6ne gr\u00fcn-br\u00e4unliche Maserung im Kernbereich und der Splintbereich ist wei\u00df gehalten. Nachdem der Goldregen zu den Strauchgew\u00e4chsen z\u00e4hlt wird der Stamm nicht allzu dick, eignet sich aber hervorragend f\u00fcr unsere Schreibger\u00e4te und alle anderen kleineren Produkte aus unserem Sortiment. Mit der Mischung aus Kern- und Splintholz erh\u00e4lt man ein einzigartiges Produkt.<\/p>\n","protected":false},"featured_media":1007,"comment_status":"open","ping_status":"closed","template":"","meta":[],"class_list":{"0":"post-1006","1":"product","2":"type-product","3":"status-publish","4":"has-post-thumbnail","6":"product_cat-korkenzieherflaschenverschluss","8":"first","9":"outofstock","10":"taxable","11":"shipping-taxable","12":"purchasable","13":"product-type-simple"},"_links":{"self":[{"href":"https:\/\/www.wood-design.at\/index.php?rest_route=\/wp\/v2\/product\/1006","targetHints":{"allow":["GET"]}}],"collection":[{"href":"https:\/\/www.wood-design.at\/index.php?rest_route=\/wp\/v2\/product"}],"about":[{"href":"https:\/\/www.wood-design.at\/index.php?rest_route=\/wp\/v2\/types\/product"}],"replies":[{"embeddable":true,"href":"https:\/\/www.wood-design.at\/index.php?rest_route=%2Fwp%2Fv2%2Fcomments&post=1006"}],"wp:featuredmedia":[{"embeddable":true,"href":"https:\/\/www.wood-design.at\/index.php?rest_route=\/wp\/v2\/media\/1007"}],"wp:attachment":[{"href":"https:\/\/www.wood-design.at\/index.php?rest_route=%2Fwp%2Fv2%2Fmedia&parent=1006"}],"curies":[{"name":"wp","href":"https:\/\/api.w.org\/{rel}","templated":true}]}}