{"id":1009,"date":"2021-06-01T15:52:03","date_gmt":"2021-06-01T13:52:03","guid":{"rendered":"https:\/\/www.wood-design.at\/?post_type=product&#038;p=1009"},"modified":"2023-05-07T10:53:55","modified_gmt":"2023-05-07T08:53:55","slug":"korkenzieher-marille","status":"publish","type":"product","link":"https:\/\/www.wood-design.at\/?product=korkenzieher-marille","title":{"rendered":"Korkenzieher &#8220;Marille&#8221;"},"content":{"rendered":"","protected":false},"excerpt":{"rendered":"<p>Nicht nur f\u00fcr den Schnaps geeignet<br \/>\nDas Kernholz der Marille hat eine orange-dunkelorange F\u00e4rbung. Die Marille ist im Gro\u00dfraum Wien und vor allem in Nieder\u00f6sterreich weit verbreitet, von wo auch wir dieses Holz beziehen. Das Holz wird von uns selbst geschnitten und dann zur weiteren Verarbeitung vorbereitet. Es eignet sich ideal f\u00fcr unser Handwerk des Drechselns und der Holzbearbeitung.<\/p>\n","protected":false},"featured_media":1877,"comment_status":"open","ping_status":"closed","template":"","meta":[],"class_list":{"0":"post-1009","1":"product","2":"type-product","3":"status-publish","4":"has-post-thumbnail","6":"product_cat-korkenzieherflaschenverschluss","8":"first","9":"instock","10":"taxable","11":"shipping-taxable","12":"purchasable","13":"product-type-simple"},"_links":{"self":[{"href":"https:\/\/www.wood-design.at\/index.php?rest_route=\/wp\/v2\/product\/1009","targetHints":{"allow":["GET"]}}],"collection":[{"href":"https:\/\/www.wood-design.at\/index.php?rest_route=\/wp\/v2\/product"}],"about":[{"href":"https:\/\/www.wood-design.at\/index.php?rest_route=\/wp\/v2\/types\/product"}],"replies":[{"embeddable":true,"href":"https:\/\/www.wood-design.at\/index.php?rest_route=%2Fwp%2Fv2%2Fcomments&post=1009"}],"wp:featuredmedia":[{"embeddable":true,"href":"https:\/\/www.wood-design.at\/index.php?rest_route=\/wp\/v2\/media\/1877"}],"wp:attachment":[{"href":"https:\/\/www.wood-design.at\/index.php?rest_route=%2Fwp%2Fv2%2Fmedia&parent=1009"}],"curies":[{"name":"wp","href":"https:\/\/api.w.org\/{rel}","templated":true}]}}