{"id":1015,"date":"2021-06-01T15:59:27","date_gmt":"2021-06-01T13:59:27","guid":{"rendered":"https:\/\/www.wood-design.at\/?post_type=product&#038;p=1015"},"modified":"2024-08-23T12:40:03","modified_gmt":"2024-08-23T10:40:03","slug":"korkenzieher-olive","status":"publish","type":"product","link":"https:\/\/www.wood-design.at\/?product=korkenzieher-olive","title":{"rendered":"Korkenzieher &#8220;Olive&#8221;"},"content":{"rendered":"","protected":false},"excerpt":{"rendered":"<p>H\u00e8las<br \/>\nDer Olivenbaum, hat wie den meisten bekannt ist, seinen Ursprung im Mittelmeergebiet wie zum Beispiel Griechenland oder Spanien. Unter anderem ist er aber auch im Nahen Osten sowie in S\u00fcdafrika beheimatet. Der Olivenbaum hat einen dunklen linearen Maserverlauf im Kernholz und einen hellbr\u00e4unlichen Splint. Das Holz wird unter anderem sehr gerne f\u00fcr den M\u00f6belbau und dem Bau von Blasinstrumenten verwendet. Auch bei unseren Produkten hat es seinen Platz gefunden!<\/p>\n","protected":false},"featured_media":1878,"comment_status":"open","ping_status":"closed","template":"","meta":[],"class_list":{"0":"post-1015","1":"product","2":"type-product","3":"status-publish","4":"has-post-thumbnail","6":"product_cat-korkenzieherflaschenverschluss","8":"first","9":"instock","10":"taxable","11":"shipping-taxable","12":"purchasable","13":"product-type-simple"},"_links":{"self":[{"href":"https:\/\/www.wood-design.at\/index.php?rest_route=\/wp\/v2\/product\/1015","targetHints":{"allow":["GET"]}}],"collection":[{"href":"https:\/\/www.wood-design.at\/index.php?rest_route=\/wp\/v2\/product"}],"about":[{"href":"https:\/\/www.wood-design.at\/index.php?rest_route=\/wp\/v2\/types\/product"}],"replies":[{"embeddable":true,"href":"https:\/\/www.wood-design.at\/index.php?rest_route=%2Fwp%2Fv2%2Fcomments&post=1015"}],"wp:featuredmedia":[{"embeddable":true,"href":"https:\/\/www.wood-design.at\/index.php?rest_route=\/wp\/v2\/media\/1878"}],"wp:attachment":[{"href":"https:\/\/www.wood-design.at\/index.php?rest_route=%2Fwp%2Fv2%2Fmedia&parent=1015"}],"curies":[{"name":"wp","href":"https:\/\/api.w.org\/{rel}","templated":true}]}}