{"id":1019,"date":"2021-06-01T16:04:51","date_gmt":"2021-06-01T14:04:51","guid":{"rendered":"https:\/\/www.wood-design.at\/?post_type=product&#038;p=1019"},"modified":"2024-06-13T10:09:37","modified_gmt":"2024-06-13T08:09:37","slug":"korkenzieher-zwetschke","status":"publish","type":"product","link":"https:\/\/www.wood-design.at\/?product=korkenzieher-zwetschke","title":{"rendered":"Korkenzieher &#8220;Zwetschke&#8221;"},"content":{"rendered":"","protected":false},"excerpt":{"rendered":"<p>Zwetschke oder Pflaume<br \/>\nDas Holz der Zwetschke ist hart, dicht und feinporig. Es besitzt eine gleichm\u00e4\u00dfige Struktur mit einem nach dem Anschnitt auff\u00e4lligen Farbspektrum. Das Splintholz ist hell, w\u00e4hrend das Kernholz rote und violette T\u00f6ne zeigt. Das Holz stammt hier aus dem Gro\u00dfraum Wien, wo wir die B\u00e4ume selbst geschnitten haben. Anschlie\u00dfend bereiten wir es zur Trocknung vor und bearbeiten das Holz sobald es trocken ist.<\/p>\n","protected":false},"featured_media":1873,"comment_status":"open","ping_status":"closed","template":"","meta":[],"class_list":{"0":"post-1019","1":"product","2":"type-product","3":"status-publish","4":"has-post-thumbnail","6":"product_cat-korkenzieherflaschenverschluss","8":"first","9":"instock","10":"taxable","11":"shipping-taxable","12":"purchasable","13":"product-type-simple"},"_links":{"self":[{"href":"https:\/\/www.wood-design.at\/index.php?rest_route=\/wp\/v2\/product\/1019","targetHints":{"allow":["GET"]}}],"collection":[{"href":"https:\/\/www.wood-design.at\/index.php?rest_route=\/wp\/v2\/product"}],"about":[{"href":"https:\/\/www.wood-design.at\/index.php?rest_route=\/wp\/v2\/types\/product"}],"replies":[{"embeddable":true,"href":"https:\/\/www.wood-design.at\/index.php?rest_route=%2Fwp%2Fv2%2Fcomments&post=1019"}],"wp:featuredmedia":[{"embeddable":true,"href":"https:\/\/www.wood-design.at\/index.php?rest_route=\/wp\/v2\/media\/1873"}],"wp:attachment":[{"href":"https:\/\/www.wood-design.at\/index.php?rest_route=%2Fwp%2Fv2%2Fmedia&parent=1019"}],"curies":[{"name":"wp","href":"https:\/\/api.w.org\/{rel}","templated":true}]}}