{"id":1026,"date":"2021-06-02T12:24:36","date_gmt":"2021-06-02T10:24:36","guid":{"rendered":"https:\/\/www.wood-design.at\/?post_type=product&#038;p=1026"},"modified":"2022-10-26T09:58:31","modified_gmt":"2022-10-26T07:58:31","slug":"briefoeffner-birne","status":"publish","type":"product","link":"https:\/\/www.wood-design.at\/?product=briefoeffner-birne","title":{"rendered":"Brief\u00f6ffner &#8220;Birne&#8221;"},"content":{"rendered":"","protected":false},"excerpt":{"rendered":"<p>Nicht nur f\u00fcr den Most<br \/>\nDas Birnenholz ist aufgrund seiner Farbe und guten Polierf\u00e4higkeit ein sehr beliebtes Holz. Hierf\u00fcr verwenden wir haupts\u00e4chlich die Obstbirne, weil die Mostbirne im Gro\u00dfraum Wien nicht so verbreitet ist. Wir schneiden diese B\u00e4ume selber und bereiten sie anschlie\u00dfend zur Verarbeitung auf. Das Holz der Birne, mit seiner rehbraunen Farbe ist auch bekannt daf\u00fcr das es viele \u00c4ste beinhaltet und jedem unserer Produkte so seinen eigenen Charakter verleiht.<\/p>\n","protected":false},"featured_media":1027,"comment_status":"open","ping_status":"closed","template":"","meta":[],"class_list":{"0":"post-1026","1":"product","2":"type-product","3":"status-publish","4":"has-post-thumbnail","6":"product_cat-briefoeffner","8":"first","9":"instock","10":"taxable","11":"shipping-taxable","12":"purchasable","13":"product-type-simple"},"_links":{"self":[{"href":"https:\/\/www.wood-design.at\/index.php?rest_route=\/wp\/v2\/product\/1026","targetHints":{"allow":["GET"]}}],"collection":[{"href":"https:\/\/www.wood-design.at\/index.php?rest_route=\/wp\/v2\/product"}],"about":[{"href":"https:\/\/www.wood-design.at\/index.php?rest_route=\/wp\/v2\/types\/product"}],"replies":[{"embeddable":true,"href":"https:\/\/www.wood-design.at\/index.php?rest_route=%2Fwp%2Fv2%2Fcomments&post=1026"}],"wp:featuredmedia":[{"embeddable":true,"href":"https:\/\/www.wood-design.at\/index.php?rest_route=\/wp\/v2\/media\/1027"}],"wp:attachment":[{"href":"https:\/\/www.wood-design.at\/index.php?rest_route=%2Fwp%2Fv2%2Fmedia&parent=1026"}],"curies":[{"name":"wp","href":"https:\/\/api.w.org\/{rel}","templated":true}]}}