{"id":103,"date":"2021-03-10T13:59:11","date_gmt":"2021-03-10T12:59:11","guid":{"rendered":"http:\/\/www.wood-design.at\/wp\/?post_type=product&#038;p=103"},"modified":"2024-06-13T10:08:18","modified_gmt":"2024-06-13T08:08:18","slug":"drehkugelschreiber-junior","status":"publish","type":"product","link":"https:\/\/www.wood-design.at\/?product=drehkugelschreiber-junior","title":{"rendered":"Kugelschreiber &#8220;Slimline&#8221;"},"content":{"rendered":"","protected":false},"excerpt":{"rendered":"<p>Schlank gedrechselter Drehkugelschreiber der auch ideal f\u00fcr <span data-sheets-value=\"{&quot;1&quot;:2,&quot;2&quot;:&quot;zarte H\u00e4nde geeignet ist. Ausgestattet ist er mit einer schwarzen &quot;}\" data-sheets-userformat=\"{&quot;2&quot;:513,&quot;3&quot;:{&quot;1&quot;:0},&quot;12&quot;:0}\">zarte H\u00e4nde geeignet ist. Ausgestattet ist er mit einer schwarzen Schraubmine, die in g\u00e4ngigen Papierfachgesch\u00e4ften, in verschiedenen Farben, nachgekauft werden kann. Der Kugelschreiber ist mit einem wasserbasierten Lack behandelt und somit gegen Abnutzung gesch\u00fctzt.<\/span><\/p>\n","protected":false},"featured_media":1067,"comment_status":"open","ping_status":"closed","template":"","meta":[],"class_list":{"0":"post-103","1":"product","2":"type-product","3":"status-publish","4":"has-post-thumbnail","6":"product_cat-schreibgeraete","8":"first","9":"instock","10":"taxable","11":"shipping-taxable","12":"purchasable","13":"product-type-variable"},"_links":{"self":[{"href":"https:\/\/www.wood-design.at\/index.php?rest_route=\/wp\/v2\/product\/103","targetHints":{"allow":["GET"]}}],"collection":[{"href":"https:\/\/www.wood-design.at\/index.php?rest_route=\/wp\/v2\/product"}],"about":[{"href":"https:\/\/www.wood-design.at\/index.php?rest_route=\/wp\/v2\/types\/product"}],"replies":[{"embeddable":true,"href":"https:\/\/www.wood-design.at\/index.php?rest_route=%2Fwp%2Fv2%2Fcomments&post=103"}],"wp:featuredmedia":[{"embeddable":true,"href":"https:\/\/www.wood-design.at\/index.php?rest_route=\/wp\/v2\/media\/1067"}],"wp:attachment":[{"href":"https:\/\/www.wood-design.at\/index.php?rest_route=%2Fwp%2Fv2%2Fmedia&parent=103"}],"curies":[{"name":"wp","href":"https:\/\/api.w.org\/{rel}","templated":true}]}}