{"id":1030,"date":"2021-06-02T12:43:46","date_gmt":"2021-06-02T10:43:46","guid":{"rendered":"https:\/\/www.wood-design.at\/?post_type=product&#038;p=1030"},"modified":"2024-06-13T10:09:04","modified_gmt":"2024-06-13T08:09:04","slug":"briefoeffner-gefaerbtes-furnierholz","status":"publish","type":"product","link":"https:\/\/www.wood-design.at\/?product=briefoeffner-gefaerbtes-furnierholz","title":{"rendered":"Brief\u00f6ffner &#8220;gef\u00e4rbtes Furnierholz&#8221;"},"content":{"rendered":"","protected":false},"excerpt":{"rendered":"<p>Colour up your life<br \/>\nBunt gef\u00e4rbtes Furnierholz welches Schichtverleimt, schr\u00e4g geschnitten und schlussendlich gedrechselt wird.<br \/>\nDurch die verschiedenen F\u00e4rbungen bekommen Sie einen einzigartigen Brief\u00f6ffner f\u00fcr ihren Schreibtisch!<\/p>\n","protected":false},"featured_media":1038,"comment_status":"open","ping_status":"closed","template":"","meta":[],"class_list":{"0":"post-1030","1":"product","2":"type-product","3":"status-publish","4":"has-post-thumbnail","6":"product_cat-briefoeffner","8":"first","9":"instock","10":"taxable","11":"shipping-taxable","12":"purchasable","13":"product-type-variable"},"_links":{"self":[{"href":"https:\/\/www.wood-design.at\/index.php?rest_route=\/wp\/v2\/product\/1030","targetHints":{"allow":["GET"]}}],"collection":[{"href":"https:\/\/www.wood-design.at\/index.php?rest_route=\/wp\/v2\/product"}],"about":[{"href":"https:\/\/www.wood-design.at\/index.php?rest_route=\/wp\/v2\/types\/product"}],"replies":[{"embeddable":true,"href":"https:\/\/www.wood-design.at\/index.php?rest_route=%2Fwp%2Fv2%2Fcomments&post=1030"}],"wp:featuredmedia":[{"embeddable":true,"href":"https:\/\/www.wood-design.at\/index.php?rest_route=\/wp\/v2\/media\/1038"}],"wp:attachment":[{"href":"https:\/\/www.wood-design.at\/index.php?rest_route=%2Fwp%2Fv2%2Fmedia&parent=1030"}],"curies":[{"name":"wp","href":"https:\/\/api.w.org\/{rel}","templated":true}]}}