{"id":1046,"date":"2021-06-02T13:02:36","date_gmt":"2021-06-02T11:02:36","guid":{"rendered":"https:\/\/www.wood-design.at\/?post_type=product&#038;p=1046"},"modified":"2025-12-09T15:36:28","modified_gmt":"2025-12-09T14:36:28","slug":"briefoeffner-nuss","status":"publish","type":"product","link":"https:\/\/www.wood-design.at\/?product=briefoeffner-nuss","title":{"rendered":"Brief\u00f6ffner &#8220;Nuss&#8221;"},"content":{"rendered":"","protected":false},"excerpt":{"rendered":"<p>Edles von Dahoam<br \/>\nWir verwenden hierf\u00fcr ausschlie\u00dflich den heimischen Nussbaum. Das Holz wird von uns selber gef\u00e4llt und danach zur Verarbeitung vorbereitet. Beim Nussbaum kommt es, wenn er seine Lebenszeit \u00fcberschritten hat, zur Kernf\u00e4ule und somit findet er keine Verwendung mehr im Bereich des M\u00f6bel- oder Furnierbereichs. Was uns aber ganz und gar nicht st\u00f6rt und er auch so noch seine Verwendung findet. Das Kernholz hat eine graue bis fast schwarze, wundersch\u00f6ne Maserung und der Splintbereich ist etwas heller gef\u00e4rbt. Aufgrund seiner Farbe z\u00e4hlt er hiermit zu einem unserer edelsten H\u00f6lzer!<\/p>\n","protected":false},"featured_media":1047,"comment_status":"open","ping_status":"closed","template":"","meta":[],"class_list":{"0":"post-1046","1":"product","2":"type-product","3":"status-publish","4":"has-post-thumbnail","6":"product_cat-briefoeffner","8":"first","9":"instock","10":"taxable","11":"shipping-taxable","12":"purchasable","13":"product-type-simple"},"_links":{"self":[{"href":"https:\/\/www.wood-design.at\/index.php?rest_route=\/wp\/v2\/product\/1046","targetHints":{"allow":["GET"]}}],"collection":[{"href":"https:\/\/www.wood-design.at\/index.php?rest_route=\/wp\/v2\/product"}],"about":[{"href":"https:\/\/www.wood-design.at\/index.php?rest_route=\/wp\/v2\/types\/product"}],"replies":[{"embeddable":true,"href":"https:\/\/www.wood-design.at\/index.php?rest_route=%2Fwp%2Fv2%2Fcomments&post=1046"}],"wp:featuredmedia":[{"embeddable":true,"href":"https:\/\/www.wood-design.at\/index.php?rest_route=\/wp\/v2\/media\/1047"}],"wp:attachment":[{"href":"https:\/\/www.wood-design.at\/index.php?rest_route=%2Fwp%2Fv2%2Fmedia&parent=1046"}],"curies":[{"name":"wp","href":"https:\/\/api.w.org\/{rel}","templated":true}]}}