{"id":1048,"date":"2021-06-02T13:05:05","date_gmt":"2021-06-02T11:05:05","guid":{"rendered":"https:\/\/www.wood-design.at\/?post_type=product&#038;p=1048"},"modified":"2024-08-23T12:40:01","modified_gmt":"2024-08-23T10:40:01","slug":"briefoeffner-rosenholz","status":"publish","type":"product","link":"https:\/\/www.wood-design.at\/?product=briefoeffner-rosenholz","title":{"rendered":"Brief\u00f6ffner &#8220;Rosenholz&#8221;"},"content":{"rendered":"","protected":false},"excerpt":{"rendered":"<p>Der Duft der Rose<br \/>\nRosenholz hat wie manche meinen nichts mit unseren heimischen Rosenstr\u00e4uchern zu tun. Diese Holzart tr\u00e4gt ihren Namen weil sie bei der Verarbeitung des frisch geschnittenen Holzes den Duft von Rosen verbreitet. Die Maserung des Rosenholzes besticht in ihrer wundersch\u00f6nen r\u00f6tlichen F\u00e4rbung die als besonders wertvoll gilt.<\/p>\n","protected":false},"featured_media":1049,"comment_status":"open","ping_status":"closed","template":"","meta":[],"class_list":{"0":"post-1048","1":"product","2":"type-product","3":"status-publish","4":"has-post-thumbnail","6":"product_cat-briefoeffner","8":"first","9":"instock","10":"taxable","11":"shipping-taxable","12":"purchasable","13":"product-type-simple"},"_links":{"self":[{"href":"https:\/\/www.wood-design.at\/index.php?rest_route=\/wp\/v2\/product\/1048","targetHints":{"allow":["GET"]}}],"collection":[{"href":"https:\/\/www.wood-design.at\/index.php?rest_route=\/wp\/v2\/product"}],"about":[{"href":"https:\/\/www.wood-design.at\/index.php?rest_route=\/wp\/v2\/types\/product"}],"replies":[{"embeddable":true,"href":"https:\/\/www.wood-design.at\/index.php?rest_route=%2Fwp%2Fv2%2Fcomments&post=1048"}],"wp:featuredmedia":[{"embeddable":true,"href":"https:\/\/www.wood-design.at\/index.php?rest_route=\/wp\/v2\/media\/1049"}],"wp:attachment":[{"href":"https:\/\/www.wood-design.at\/index.php?rest_route=%2Fwp%2Fv2%2Fmedia&parent=1048"}],"curies":[{"name":"wp","href":"https:\/\/api.w.org\/{rel}","templated":true}]}}