{"id":1050,"date":"2021-06-02T13:07:53","date_gmt":"2021-06-02T11:07:53","guid":{"rendered":"https:\/\/www.wood-design.at\/?post_type=product&#038;p=1050"},"modified":"2024-06-13T10:09:04","modified_gmt":"2024-06-13T08:09:04","slug":"briefoeffner-wachholder","status":"publish","type":"product","link":"https:\/\/www.wood-design.at\/?product=briefoeffner-wachholder","title":{"rendered":"Brief\u00f6ffner &#8220;Wachholder&#8221;"},"content":{"rendered":"","protected":false},"excerpt":{"rendered":"<p>Violette Sch\u00f6nheit<br \/>\nSehr, sehr selten! Das Holz des Wachholder ist eher ein weiches Holz. Die Maserung dieses Holzes ist wirklich einzigartig und besticht durch ihre hell-violette bis dunkel-violette Farbe im Kernbereich. Der \u00e4u\u00dfere Splintbereich ist wei\u00df und in der Kombination von Kern- und Splintholz verleiht es unseren Produkten einen einzigartigen Charakter.<\/p>\n","protected":false},"featured_media":1051,"comment_status":"open","ping_status":"closed","template":"","meta":[],"class_list":{"0":"post-1050","1":"product","2":"type-product","3":"status-publish","4":"has-post-thumbnail","6":"product_cat-briefoeffner","8":"first","9":"instock","10":"taxable","11":"shipping-taxable","12":"purchasable","13":"product-type-simple"},"_links":{"self":[{"href":"https:\/\/www.wood-design.at\/index.php?rest_route=\/wp\/v2\/product\/1050","targetHints":{"allow":["GET"]}}],"collection":[{"href":"https:\/\/www.wood-design.at\/index.php?rest_route=\/wp\/v2\/product"}],"about":[{"href":"https:\/\/www.wood-design.at\/index.php?rest_route=\/wp\/v2\/types\/product"}],"replies":[{"embeddable":true,"href":"https:\/\/www.wood-design.at\/index.php?rest_route=%2Fwp%2Fv2%2Fcomments&post=1050"}],"wp:featuredmedia":[{"embeddable":true,"href":"https:\/\/www.wood-design.at\/index.php?rest_route=\/wp\/v2\/media\/1051"}],"wp:attachment":[{"href":"https:\/\/www.wood-design.at\/index.php?rest_route=%2Fwp%2Fv2%2Fmedia&parent=1050"}],"curies":[{"name":"wp","href":"https:\/\/api.w.org\/{rel}","templated":true}]}}