{"id":1510,"date":"2022-01-22T14:14:38","date_gmt":"2022-01-22T13:14:38","guid":{"rendered":"https:\/\/www.wood-design.at\/?post_type=product&#038;p=1510"},"modified":"2026-04-28T04:57:50","modified_gmt":"2026-04-28T02:57:50","slug":"blumenvase-kirsche","status":"publish","type":"product","link":"https:\/\/www.wood-design.at\/?product=blumenvase-kirsche","title":{"rendered":"Blumenvase &#8220;Kirsche&#8221;"},"content":{"rendered":"","protected":false},"excerpt":{"rendered":"<p>Diese Blumenvase wurde aus einem Kirschbaum handgefertigt und hergestellt. Das Holz hat hier, typisch f\u00fcr das Kirschholz, eine sehr sch\u00f6ne r\u00f6tliche Maserung. Die Vase wurde mehrmals mit einem speziellen \u00d6l ge\u00f6lt.<\/p>\n<p>H\u00f6he: ca. 25 cm<\/p>\n","protected":false},"featured_media":1511,"comment_status":"open","ping_status":"closed","template":"","meta":[],"class_list":{"0":"post-1510","1":"product","2":"type-product","3":"status-publish","4":"has-post-thumbnail","6":"product_cat-blumenvasen","8":"first","9":"instock","10":"sold-individually","11":"taxable","12":"shipping-taxable","13":"purchasable","14":"product-type-simple"},"_links":{"self":[{"href":"https:\/\/www.wood-design.at\/index.php?rest_route=\/wp\/v2\/product\/1510","targetHints":{"allow":["GET"]}}],"collection":[{"href":"https:\/\/www.wood-design.at\/index.php?rest_route=\/wp\/v2\/product"}],"about":[{"href":"https:\/\/www.wood-design.at\/index.php?rest_route=\/wp\/v2\/types\/product"}],"replies":[{"embeddable":true,"href":"https:\/\/www.wood-design.at\/index.php?rest_route=%2Fwp%2Fv2%2Fcomments&post=1510"}],"wp:featuredmedia":[{"embeddable":true,"href":"https:\/\/www.wood-design.at\/index.php?rest_route=\/wp\/v2\/media\/1511"}],"wp:attachment":[{"href":"https:\/\/www.wood-design.at\/index.php?rest_route=%2Fwp%2Fv2%2Fmedia&parent=1510"}],"curies":[{"name":"wp","href":"https:\/\/api.w.org\/{rel}","templated":true}]}}