{"id":1663,"date":"2022-03-27T10:27:05","date_gmt":"2022-03-27T08:27:05","guid":{"rendered":"https:\/\/www.wood-design.at\/?post_type=product&#038;p=1663"},"modified":"2026-03-31T20:25:15","modified_gmt":"2026-03-31T18:25:15","slug":"naturrandschale-nuss-5","status":"publish","type":"product","link":"https:\/\/www.wood-design.at\/?product=naturrandschale-nuss-5","title":{"rendered":"Naturrandschale &#8220;Nuss&#8221;"},"content":{"rendered":"","protected":false},"excerpt":{"rendered":"<p>Diese Naturrandschale wurde aus einem Nussbaum gedrechselt. Die Maserung des Holzes hat eine sehr sch\u00f6ne, durchgehend dunkelbraune F\u00e4rbung. Die Einschl\u00fcsse entstanden aufgrund von Kernf\u00e4ule des Baumes und verleihen der Schale eine sehr sch\u00f6ne rustikale Optik.<\/p>\n<p>L\u00e4nge: 18,5 cm<\/p>\n<p>Breite: 18 cm<\/p>\n<p>H\u00f6he: ca. 13,5 cm<\/p>\n","protected":false},"featured_media":1664,"comment_status":"open","ping_status":"closed","template":"","meta":[],"class_list":{"0":"post-1663","1":"product","2":"type-product","3":"status-publish","4":"has-post-thumbnail","6":"product_cat-naturrandschalenohnerinde","8":"first","9":"outofstock","10":"sold-individually","11":"taxable","12":"shipping-taxable","13":"purchasable","14":"product-type-simple"},"_links":{"self":[{"href":"https:\/\/www.wood-design.at\/index.php?rest_route=\/wp\/v2\/product\/1663","targetHints":{"allow":["GET"]}}],"collection":[{"href":"https:\/\/www.wood-design.at\/index.php?rest_route=\/wp\/v2\/product"}],"about":[{"href":"https:\/\/www.wood-design.at\/index.php?rest_route=\/wp\/v2\/types\/product"}],"replies":[{"embeddable":true,"href":"https:\/\/www.wood-design.at\/index.php?rest_route=%2Fwp%2Fv2%2Fcomments&post=1663"}],"wp:featuredmedia":[{"embeddable":true,"href":"https:\/\/www.wood-design.at\/index.php?rest_route=\/wp\/v2\/media\/1664"}],"wp:attachment":[{"href":"https:\/\/www.wood-design.at\/index.php?rest_route=%2Fwp%2Fv2%2Fmedia&parent=1663"}],"curies":[{"name":"wp","href":"https:\/\/api.w.org\/{rel}","templated":true}]}}