{"id":1831,"date":"2023-02-19T11:18:59","date_gmt":"2023-02-19T10:18:59","guid":{"rendered":"https:\/\/www.wood-design.at\/?post_type=product&#038;p=1831"},"modified":"2026-04-27T23:57:03","modified_gmt":"2026-04-27T21:57:03","slug":"naturrandschale-nuss-4","status":"publish","type":"product","link":"https:\/\/www.wood-design.at\/?product=naturrandschale-nuss-4","title":{"rendered":"Naturrandschale Nuss"},"content":{"rendered":"","protected":false},"excerpt":{"rendered":"<p>Diese Naturrandschale wurde aus einem Nussbaum gedrechselt. Das Holz hat hier einen gro\u00dfen Splintanteil, der eine sehr sch\u00f6n rustikal wirkende hell graue F\u00e4rbung hat. Der Kernbereich, der etwas kleiner ist, hat eine dunkelbraune F\u00e4rbung. Die Rinde bleibt bestehen und f\u00e4llt auch nicht mehr ab. Der Baum stand am Rande von Wien im 23 Bezirk.<\/p>\n<p>L\u00e4nge: ca. 33 cm<\/p>\n<p>Breite: ca. 23 cm<\/p>\n<p>H\u00f6he: ca. 15 cm<\/p>\n","protected":false},"featured_media":1832,"comment_status":"open","ping_status":"closed","template":"","meta":[],"class_list":{"0":"post-1831","1":"product","2":"type-product","3":"status-publish","4":"has-post-thumbnail","6":"product_cat-naturrandschalenmitrinde","8":"first","9":"outofstock","10":"sold-individually","11":"taxable","12":"shipping-taxable","13":"purchasable","14":"product-type-simple"},"_links":{"self":[{"href":"https:\/\/www.wood-design.at\/index.php?rest_route=\/wp\/v2\/product\/1831","targetHints":{"allow":["GET"]}}],"collection":[{"href":"https:\/\/www.wood-design.at\/index.php?rest_route=\/wp\/v2\/product"}],"about":[{"href":"https:\/\/www.wood-design.at\/index.php?rest_route=\/wp\/v2\/types\/product"}],"replies":[{"embeddable":true,"href":"https:\/\/www.wood-design.at\/index.php?rest_route=%2Fwp%2Fv2%2Fcomments&post=1831"}],"wp:featuredmedia":[{"embeddable":true,"href":"https:\/\/www.wood-design.at\/index.php?rest_route=\/wp\/v2\/media\/1832"}],"wp:attachment":[{"href":"https:\/\/www.wood-design.at\/index.php?rest_route=%2Fwp%2Fv2%2Fmedia&parent=1831"}],"curies":[{"name":"wp","href":"https:\/\/api.w.org\/{rel}","templated":true}]}}