{"id":1856,"date":"2023-05-07T09:45:17","date_gmt":"2023-05-07T07:45:17","guid":{"rendered":"https:\/\/www.wood-design.at\/?post_type=product&#038;p=1856"},"modified":"2026-04-28T04:58:05","modified_gmt":"2026-04-28T02:58:05","slug":"briefoeffner-olive","status":"publish","type":"product","link":"https:\/\/www.wood-design.at\/?product=briefoeffner-olive","title":{"rendered":"Brief\u00f6ffner &#8220;Olive&#8221;"},"content":{"rendered":"","protected":false},"excerpt":{"rendered":"<p>Dieser Brief\u00f6ffner wurde aus einem Olivenholz handgedrechselt. Das Holz der Olive hat eine hellbraune Farbe mit einer sehr sch\u00f6nen linearen dunklen Struktur. Die Oberfl\u00e4che wurde lackiert damit sich das Holz nicht so schnell abnutzt. Jedes St\u00fcck ist ein tolles Unikat.<\/p>\n","protected":false},"featured_media":1857,"comment_status":"open","ping_status":"closed","template":"","meta":[],"class_list":{"0":"post-1856","1":"product","2":"type-product","3":"status-publish","4":"has-post-thumbnail","6":"product_cat-briefoeffner","8":"first","9":"instock","10":"taxable","11":"shipping-taxable","12":"purchasable","13":"product-type-simple"},"_links":{"self":[{"href":"https:\/\/www.wood-design.at\/index.php?rest_route=\/wp\/v2\/product\/1856","targetHints":{"allow":["GET"]}}],"collection":[{"href":"https:\/\/www.wood-design.at\/index.php?rest_route=\/wp\/v2\/product"}],"about":[{"href":"https:\/\/www.wood-design.at\/index.php?rest_route=\/wp\/v2\/types\/product"}],"replies":[{"embeddable":true,"href":"https:\/\/www.wood-design.at\/index.php?rest_route=%2Fwp%2Fv2%2Fcomments&post=1856"}],"wp:featuredmedia":[{"embeddable":true,"href":"https:\/\/www.wood-design.at\/index.php?rest_route=\/wp\/v2\/media\/1857"}],"wp:attachment":[{"href":"https:\/\/www.wood-design.at\/index.php?rest_route=%2Fwp%2Fv2%2Fmedia&parent=1856"}],"curies":[{"name":"wp","href":"https:\/\/api.w.org\/{rel}","templated":true}]}}