{"id":1866,"date":"2023-05-07T10:25:16","date_gmt":"2023-05-07T08:25:16","guid":{"rendered":"https:\/\/www.wood-design.at\/?post_type=product&#038;p=1866"},"modified":"2026-04-28T04:59:10","modified_gmt":"2026-04-28T02:59:10","slug":"korkenzieher-wacholder","status":"publish","type":"product","link":"https:\/\/www.wood-design.at\/?product=korkenzieher-wacholder","title":{"rendered":"Korkenzieher &#8220;Wacholder&#8221;"},"content":{"rendered":"","protected":false},"excerpt":{"rendered":"<p>Violette Sch\u00f6nheit<br \/>\nSehr, sehr selten! Das Holz des Wachholder ist eher ein weiches Holz. Die Maserung dieses Holzes ist wirklich einzigartig und besticht durch ihre hell-violette bis dunkel-violette Farbe im Kernbereich. Der \u00e4u\u00dfere Splintbereich ist wei\u00df und in der Kombination von Kern- und Splintholz verleiht es meinen Produkten einen einzigartigen Charakter.<\/p>\n","protected":false},"featured_media":1867,"comment_status":"open","ping_status":"closed","template":"","meta":[],"class_list":{"0":"post-1866","1":"product","2":"type-product","3":"status-publish","4":"has-post-thumbnail","6":"product_cat-korkenzieherflaschenverschluss","8":"first","9":"instock","10":"taxable","11":"shipping-taxable","12":"purchasable","13":"product-type-simple"},"_links":{"self":[{"href":"https:\/\/www.wood-design.at\/index.php?rest_route=\/wp\/v2\/product\/1866","targetHints":{"allow":["GET"]}}],"collection":[{"href":"https:\/\/www.wood-design.at\/index.php?rest_route=\/wp\/v2\/product"}],"about":[{"href":"https:\/\/www.wood-design.at\/index.php?rest_route=\/wp\/v2\/types\/product"}],"replies":[{"embeddable":true,"href":"https:\/\/www.wood-design.at\/index.php?rest_route=%2Fwp%2Fv2%2Fcomments&post=1866"}],"wp:featuredmedia":[{"embeddable":true,"href":"https:\/\/www.wood-design.at\/index.php?rest_route=\/wp\/v2\/media\/1867"}],"wp:attachment":[{"href":"https:\/\/www.wood-design.at\/index.php?rest_route=%2Fwp%2Fv2%2Fmedia&parent=1866"}],"curies":[{"name":"wp","href":"https:\/\/api.w.org\/{rel}","templated":true}]}}