{"id":1868,"date":"2023-05-07T10:31:47","date_gmt":"2023-05-07T08:31:47","guid":{"rendered":"https:\/\/www.wood-design.at\/?post_type=product&#038;p=1868"},"modified":"2026-04-27T23:56:21","modified_gmt":"2026-04-27T21:56:21","slug":"korkenzieher-apfel","status":"publish","type":"product","link":"https:\/\/www.wood-design.at\/?product=korkenzieher-apfel","title":{"rendered":"Korkenzieher &#8220;Apfel&#8221;"},"content":{"rendered":"","protected":false},"excerpt":{"rendered":"<p>Dieser Korkenzieher wurde aus einem Apfelbaum handgedrechselt. Das Holz hat eine sehr sch\u00f6ne orange-braune Farbe und ergibt ein wundersch\u00f6nes Farbenspiel. Jedes St\u00fcck ist ein absolutes Unikat. Die Oberfl\u00e4che wurde lackiert und ist somit vor Abnutzung gesch\u00fctzt.<\/p>\n","protected":false},"featured_media":1869,"comment_status":"open","ping_status":"closed","template":"","meta":[],"class_list":{"0":"post-1868","1":"product","2":"type-product","3":"status-publish","4":"has-post-thumbnail","6":"product_cat-korkenzieherflaschenverschluss","8":"first","9":"instock","10":"taxable","11":"shipping-taxable","12":"purchasable","13":"product-type-simple"},"_links":{"self":[{"href":"https:\/\/www.wood-design.at\/index.php?rest_route=\/wp\/v2\/product\/1868","targetHints":{"allow":["GET"]}}],"collection":[{"href":"https:\/\/www.wood-design.at\/index.php?rest_route=\/wp\/v2\/product"}],"about":[{"href":"https:\/\/www.wood-design.at\/index.php?rest_route=\/wp\/v2\/types\/product"}],"replies":[{"embeddable":true,"href":"https:\/\/www.wood-design.at\/index.php?rest_route=%2Fwp%2Fv2%2Fcomments&post=1868"}],"wp:featuredmedia":[{"embeddable":true,"href":"https:\/\/www.wood-design.at\/index.php?rest_route=\/wp\/v2\/media\/1869"}],"wp:attachment":[{"href":"https:\/\/www.wood-design.at\/index.php?rest_route=%2Fwp%2Fv2%2Fmedia&parent=1868"}],"curies":[{"name":"wp","href":"https:\/\/api.w.org\/{rel}","templated":true}]}}