{"id":1870,"date":"2023-05-07T10:39:39","date_gmt":"2023-05-07T08:39:39","guid":{"rendered":"https:\/\/www.wood-design.at\/?post_type=product&#038;p=1870"},"modified":"2026-04-18T12:49:37","modified_gmt":"2026-04-18T10:49:37","slug":"korkenzieher-essigbaum","status":"publish","type":"product","link":"https:\/\/www.wood-design.at\/?product=korkenzieher-essigbaum","title":{"rendered":"Korkenzieher &#8220;Essigbaum&#8221;"},"content":{"rendered":"","protected":false},"excerpt":{"rendered":"<p>Dieser Korkenzieher wurde aus einem Essigbaum handgedrechselt. Der Essigbaum hat eine wundersch\u00f6ne gr\u00fcne Farbe mit einem linearen Maserverlauf. Die Oberfl\u00e4che wurde lackiert und ist somit vor Abnutzung gesch\u00fctzt.<\/p>\n","protected":false},"featured_media":1872,"comment_status":"open","ping_status":"closed","template":"","meta":[],"class_list":{"0":"post-1870","1":"product","2":"type-product","3":"status-publish","4":"has-post-thumbnail","6":"product_cat-korkenzieherflaschenverschluss","8":"first","9":"instock","10":"taxable","11":"shipping-taxable","12":"purchasable","13":"product-type-simple"},"_links":{"self":[{"href":"https:\/\/www.wood-design.at\/index.php?rest_route=\/wp\/v2\/product\/1870","targetHints":{"allow":["GET"]}}],"collection":[{"href":"https:\/\/www.wood-design.at\/index.php?rest_route=\/wp\/v2\/product"}],"about":[{"href":"https:\/\/www.wood-design.at\/index.php?rest_route=\/wp\/v2\/types\/product"}],"replies":[{"embeddable":true,"href":"https:\/\/www.wood-design.at\/index.php?rest_route=%2Fwp%2Fv2%2Fcomments&post=1870"}],"wp:featuredmedia":[{"embeddable":true,"href":"https:\/\/www.wood-design.at\/index.php?rest_route=\/wp\/v2\/media\/1872"}],"wp:attachment":[{"href":"https:\/\/www.wood-design.at\/index.php?rest_route=%2Fwp%2Fv2%2Fmedia&parent=1870"}],"curies":[{"name":"wp","href":"https:\/\/api.w.org\/{rel}","templated":true}]}}