{"id":311,"date":"2021-03-21T18:31:31","date_gmt":"2021-03-21T17:31:31","guid":{"rendered":"http:\/\/www.wood-design.at\/wp\/?post_type=product&#038;p=311"},"modified":"2022-12-19T18:21:17","modified_gmt":"2022-12-19T17:21:17","slug":"druckkugelschreiber-split","status":"publish","type":"product","link":"https:\/\/www.wood-design.at\/?product=druckkugelschreiber-split","title":{"rendered":"Kugelschreiber &#8220;Split&#8221;"},"content":{"rendered":"","protected":false},"excerpt":{"rendered":"<p><span data-sheets-value=\"{&quot;1&quot;:2,&quot;2&quot;:&quot; Kugelschreiber mit Druckmechanik mit breiterem Griffst\u00fcck. Der Kugelschreiber ist &quot;}\" data-sheets-userformat=\"{&quot;2&quot;:513,&quot;3&quot;:{&quot;1&quot;:0},&quot;12&quot;:0}\"> Kugelschreiber mit Druckmechanik mit breiterem Griffst\u00fcck. Der Kugelschreiber ist mit einer schwarzen Gelmine oder auch Gro\u00dfraummine ausgestattet. Minen sind in g\u00e4ngigen Papierfachgesch\u00e4ften, in diversen Farben, erh\u00e4ltlich.\u00a0 Der Kugelschreiber ist mit einem wasserbasierten Lack behandelt und so gegen Abnutzung gesch\u00fctzt.<\/span><\/p>\n","protected":false},"featured_media":1129,"comment_status":"open","ping_status":"closed","template":"","meta":[],"class_list":{"0":"post-311","1":"product","2":"type-product","3":"status-publish","4":"has-post-thumbnail","6":"product_cat-schreibgeraete","8":"first","9":"instock","10":"taxable","11":"shipping-taxable","12":"purchasable","13":"product-type-variable"},"_links":{"self":[{"href":"https:\/\/www.wood-design.at\/index.php?rest_route=\/wp\/v2\/product\/311","targetHints":{"allow":["GET"]}}],"collection":[{"href":"https:\/\/www.wood-design.at\/index.php?rest_route=\/wp\/v2\/product"}],"about":[{"href":"https:\/\/www.wood-design.at\/index.php?rest_route=\/wp\/v2\/types\/product"}],"replies":[{"embeddable":true,"href":"https:\/\/www.wood-design.at\/index.php?rest_route=%2Fwp%2Fv2%2Fcomments&post=311"}],"wp:featuredmedia":[{"embeddable":true,"href":"https:\/\/www.wood-design.at\/index.php?rest_route=\/wp\/v2\/media\/1129"}],"wp:attachment":[{"href":"https:\/\/www.wood-design.at\/index.php?rest_route=%2Fwp%2Fv2%2Fmedia&parent=311"}],"curies":[{"name":"wp","href":"https:\/\/api.w.org\/{rel}","templated":true}]}}