{"id":383,"date":"2021-04-17T10:14:18","date_gmt":"2021-04-17T08:14:18","guid":{"rendered":"http:\/\/www.wood-design.at\/wp\/?post_type=product&#038;p=383"},"modified":"2022-12-20T09:44:51","modified_gmt":"2022-12-20T08:44:51","slug":"kugelschreiber-wooden","status":"publish","type":"product","link":"https:\/\/www.wood-design.at\/?product=kugelschreiber-wooden","title":{"rendered":"Kugelschreiber &#8220;Wooden&#8221;"},"content":{"rendered":"","protected":false},"excerpt":{"rendered":"<p><span data-sheets-value=\"{&quot;1&quot;:2,&quot;2&quot;:&quot; Kugelschreiber mit Druckmechanik mit breiterem Griffst\u00fcck. Der Kugelschreiber ist &quot;}\" data-sheets-userformat=\"{&quot;2&quot;:513,&quot;3&quot;:{&quot;1&quot;:0},&quot;12&quot;:0}\"> Kugelschreiber mit Druckmechanik und mit breiterem Griffst\u00fcck. Der Kugelschreiber ist <\/span><span data-sheets-value=\"{&quot;1&quot;:2,&quot;2&quot;:&quot; mit einer schwarzen Gelmine oder auch Gro\u00dfraummine ausgestattet &quot;}\" data-sheets-userformat=\"{&quot;2&quot;:513,&quot;3&quot;:{&quot;1&quot;:0},&quot;12&quot;:0}\"> mit einer schwarzen Gelmine oder auch Gro\u00dfraummine ausgestattet.\u00a0<\/span><span data-sheets-value=\"{&quot;1&quot;:2,&quot;2&quot;:&quot; Minen sind in g\u00e4ngigen Papierfachgesch\u00e4ften,in diversen Farben, erh\u00e4ltlich&quot;}\" data-sheets-userformat=\"{&quot;2&quot;:513,&quot;3&quot;:{&quot;1&quot;:0},&quot;12&quot;:0}\"> Minen sind in g\u00e4ngigen Papierfachgesch\u00e4ften, in diversen Farben, erh\u00e4ltlich.<\/span><span data-sheets-value=\"{&quot;1&quot;:2,&quot;2&quot;:&quot; Der Kugelschreiber ist mit einem wasserbasierten Lack behandelt und so gegen&quot;}\" data-sheets-userformat=\"{&quot;2&quot;:513,&quot;3&quot;:{&quot;1&quot;:0},&quot;12&quot;:0}\"> Der Kugelschreiber ist mit einem wasserbasierten Lack behandelt und so gegen <\/span><span data-sheets-value=\"{&quot;1&quot;:2,&quot;2&quot;:&quot;Abnutzung gesch\u00fctzt.&quot;}\" data-sheets-userformat=\"{&quot;2&quot;:513,&quot;3&quot;:{&quot;1&quot;:0},&quot;12&quot;:0}\">Abnutzung gesch\u00fctzt.<\/span><\/p>\n","protected":false},"featured_media":1094,"comment_status":"open","ping_status":"closed","template":"","meta":[],"class_list":{"0":"post-383","1":"product","2":"type-product","3":"status-publish","4":"has-post-thumbnail","6":"product_cat-schreibgeraete","8":"first","9":"instock","10":"taxable","11":"shipping-taxable","12":"purchasable","13":"product-type-variable"},"_links":{"self":[{"href":"https:\/\/www.wood-design.at\/index.php?rest_route=\/wp\/v2\/product\/383","targetHints":{"allow":["GET"]}}],"collection":[{"href":"https:\/\/www.wood-design.at\/index.php?rest_route=\/wp\/v2\/product"}],"about":[{"href":"https:\/\/www.wood-design.at\/index.php?rest_route=\/wp\/v2\/types\/product"}],"replies":[{"embeddable":true,"href":"https:\/\/www.wood-design.at\/index.php?rest_route=%2Fwp%2Fv2%2Fcomments&post=383"}],"wp:featuredmedia":[{"embeddable":true,"href":"https:\/\/www.wood-design.at\/index.php?rest_route=\/wp\/v2\/media\/1094"}],"wp:attachment":[{"href":"https:\/\/www.wood-design.at\/index.php?rest_route=%2Fwp%2Fv2%2Fmedia&parent=383"}],"curies":[{"name":"wp","href":"https:\/\/api.w.org\/{rel}","templated":true}]}}