{"id":463,"date":"2021-04-18T14:31:46","date_gmt":"2021-04-18T12:31:46","guid":{"rendered":"http:\/\/www.wood-design.at\/wp\/?post_type=product&#038;p=463"},"modified":"2024-04-23T15:20:22","modified_gmt":"2024-04-23T13:20:22","slug":"rollerball-gentleman-junior","status":"publish","type":"product","link":"https:\/\/www.wood-design.at\/?product=rollerball-gentleman-junior","title":{"rendered":"Rollerball &#8220;Gentleman Junior&#8221;"},"content":{"rendered":"","protected":false},"excerpt":{"rendered":"<p>Handgefertigter Rollerball in edlen Design! Das Griffst\u00fcck ist geradlinig geformt und von der Griffst\u00e4rke etwas d\u00fcnner gehalten als bei dem Rollerball Gentleman. Die Metallteile sind aus hochwertig verchromten Edelmetall hergestellt und die Verschlusskappe ist mit einem Schraubverschluss ausgestattet. Die Minen f\u00fcr den Rollerball sind auswechselbar und in jedem g\u00e4ngigen Papierfachgesch\u00e4ft, in verschiedenen Farben erh\u00e4ltlich.<\/p>\n","protected":false},"featured_media":467,"comment_status":"open","ping_status":"closed","template":"","meta":[],"class_list":{"0":"post-463","1":"product","2":"type-product","3":"status-publish","4":"has-post-thumbnail","6":"product_cat-schreibgeraete","8":"first","9":"instock","10":"taxable","11":"shipping-taxable","12":"purchasable","13":"product-type-variable"},"_links":{"self":[{"href":"https:\/\/www.wood-design.at\/index.php?rest_route=\/wp\/v2\/product\/463","targetHints":{"allow":["GET"]}}],"collection":[{"href":"https:\/\/www.wood-design.at\/index.php?rest_route=\/wp\/v2\/product"}],"about":[{"href":"https:\/\/www.wood-design.at\/index.php?rest_route=\/wp\/v2\/types\/product"}],"replies":[{"embeddable":true,"href":"https:\/\/www.wood-design.at\/index.php?rest_route=%2Fwp%2Fv2%2Fcomments&post=463"}],"wp:featuredmedia":[{"embeddable":true,"href":"https:\/\/www.wood-design.at\/index.php?rest_route=\/wp\/v2\/media\/467"}],"wp:attachment":[{"href":"https:\/\/www.wood-design.at\/index.php?rest_route=%2Fwp%2Fv2%2Fmedia&parent=463"}],"curies":[{"name":"wp","href":"https:\/\/api.w.org\/{rel}","templated":true}]}}