{"id":470,"date":"2021-04-18T14:52:52","date_gmt":"2021-04-18T12:52:52","guid":{"rendered":"http:\/\/www.wood-design.at\/wp\/?post_type=product&#038;p=470"},"modified":"2025-11-02T22:27:00","modified_gmt":"2025-11-02T21:27:00","slug":"rollerball-gentleman","status":"publish","type":"product","link":"https:\/\/www.wood-design.at\/?product=rollerball-gentleman","title":{"rendered":"Rollerball &#8220;Gentleman&#8221;"},"content":{"rendered":"","protected":false},"excerpt":{"rendered":"<p>Handgefertigter Rollerball in edlen Design! Das Griffst\u00fcck des Rollerballs ist leicht konisch geformt und somit hat man eine sehr angenehme handhabe bei der Verwendung dieses Schreibger\u00e4ts! Die Metallteile sind aus hochwertig verchromten Edelmetall hergestellt und die Verschlusskappe ist mit einem Schraubverschluss ausgestattet. Die Minen des Rollerballs sind auswechselbar und sind in jedem g\u00e4ngigen Papierfachgesch\u00e4ft , in diversen Farben erh\u00e4ltlich.<\/p>\n","protected":false},"featured_media":475,"comment_status":"open","ping_status":"closed","template":"","meta":[],"class_list":{"0":"post-470","1":"product","2":"type-product","3":"status-publish","4":"has-post-thumbnail","6":"product_cat-schreibgeraete","8":"first","9":"instock","10":"taxable","11":"shipping-taxable","12":"purchasable","13":"product-type-variable"},"_links":{"self":[{"href":"https:\/\/www.wood-design.at\/index.php?rest_route=\/wp\/v2\/product\/470","targetHints":{"allow":["GET"]}}],"collection":[{"href":"https:\/\/www.wood-design.at\/index.php?rest_route=\/wp\/v2\/product"}],"about":[{"href":"https:\/\/www.wood-design.at\/index.php?rest_route=\/wp\/v2\/types\/product"}],"replies":[{"embeddable":true,"href":"https:\/\/www.wood-design.at\/index.php?rest_route=%2Fwp%2Fv2%2Fcomments&post=470"}],"wp:featuredmedia":[{"embeddable":true,"href":"https:\/\/www.wood-design.at\/index.php?rest_route=\/wp\/v2\/media\/475"}],"wp:attachment":[{"href":"https:\/\/www.wood-design.at\/index.php?rest_route=%2Fwp%2Fv2%2Fmedia&parent=470"}],"curies":[{"name":"wp","href":"https:\/\/api.w.org\/{rel}","templated":true}]}}