{"id":547,"date":"2021-04-18T17:43:06","date_gmt":"2021-04-18T15:43:06","guid":{"rendered":"http:\/\/www.wood-design.at\/wp\/?post_type=product&#038;p=547"},"modified":"2025-06-16T16:47:10","modified_gmt":"2025-06-16T14:47:10","slug":"druckbleistift-split","status":"publish","type":"product","link":"https:\/\/www.wood-design.at\/?product=druckbleistift-split","title":{"rendered":"Druckbleistift &#8220;Split&#8221;"},"content":{"rendered":"","protected":false},"excerpt":{"rendered":"<p><span data-sheets-value=\"{&quot;1&quot;:2,&quot;2&quot;:&quot;Druckbleistift mit breiterem Griffst\u00fcck mit einer 0,7mm starken Mine. Minen sind in jedem &quot;}\" data-sheets-userformat=\"{&quot;2&quot;:513,&quot;3&quot;:{&quot;1&quot;:0},&quot;12&quot;:0}\">Druckbleistift mit einem etwas breiterem Griffst\u00fcck und mit einer 0,7mm starken Mine. Minen sind in jedem Papierfachgesch\u00e4ft erh\u00e4ltlich. Der Bleistift ist mit einem wasserbasierten Lack behandelt und somit gegen Abnutzung gesch\u00fctzt.<\/span><\/p>\n","protected":false},"featured_media":1103,"comment_status":"open","ping_status":"closed","template":"","meta":[],"class_list":{"0":"post-547","1":"product","2":"type-product","3":"status-publish","4":"has-post-thumbnail","6":"product_cat-schreibgeraete","8":"first","9":"outofstock","10":"taxable","11":"shipping-taxable","12":"purchasable","13":"product-type-variable"},"_links":{"self":[{"href":"https:\/\/www.wood-design.at\/index.php?rest_route=\/wp\/v2\/product\/547","targetHints":{"allow":["GET"]}}],"collection":[{"href":"https:\/\/www.wood-design.at\/index.php?rest_route=\/wp\/v2\/product"}],"about":[{"href":"https:\/\/www.wood-design.at\/index.php?rest_route=\/wp\/v2\/types\/product"}],"replies":[{"embeddable":true,"href":"https:\/\/www.wood-design.at\/index.php?rest_route=%2Fwp%2Fv2%2Fcomments&post=547"}],"wp:featuredmedia":[{"embeddable":true,"href":"https:\/\/www.wood-design.at\/index.php?rest_route=\/wp\/v2\/media\/1103"}],"wp:attachment":[{"href":"https:\/\/www.wood-design.at\/index.php?rest_route=%2Fwp%2Fv2%2Fmedia&parent=547"}],"curies":[{"name":"wp","href":"https:\/\/api.w.org\/{rel}","templated":true}]}}