{"id":662,"date":"2021-05-06T17:11:52","date_gmt":"2021-05-06T15:11:52","guid":{"rendered":"http:\/\/www.wood-design.at\/wp\/?post_type=product&#038;p=662"},"modified":"2021-12-04T13:08:38","modified_gmt":"2021-12-04T12:08:38","slug":"flaschenoeffner-zebrano","status":"publish","type":"product","link":"https:\/\/www.wood-design.at\/?product=flaschenoeffner-zebrano","title":{"rendered":"Flaschen\u00f6ffner Zebrano"},"content":{"rendered":"","protected":false},"excerpt":{"rendered":"<p>Afrikanische Eleganz<br \/>\nZebrano geh\u00f6rt zur Unterfamilie der Johannisbrotgew\u00e4chse. Beheimatet ist diese Holzart im zentral Afrikanischen Raum.<br \/>\nDas Holz ist gelblichwei\u00df und gestreift mit tiefbraunen Adern. Diese Holzart ist \u00e4u\u00dfert beliebt f\u00fcr den Bau von Gitarren oder wird auch gerne im Furnierholzbereich verwendet. Aber auch wir haben dieses elegante Holz f\u00fcr einen Teil unserer Produkte entdeckt!<\/p>\n","protected":false},"featured_media":1387,"comment_status":"open","ping_status":"closed","template":"","meta":[],"class_list":{"0":"post-662","1":"product","2":"type-product","3":"status-publish","4":"has-post-thumbnail","6":"product_cat-flaschenoeffner","8":"first","9":"instock","10":"taxable","11":"shipping-taxable","12":"purchasable","13":"product-type-simple"},"_links":{"self":[{"href":"https:\/\/www.wood-design.at\/index.php?rest_route=\/wp\/v2\/product\/662","targetHints":{"allow":["GET"]}}],"collection":[{"href":"https:\/\/www.wood-design.at\/index.php?rest_route=\/wp\/v2\/product"}],"about":[{"href":"https:\/\/www.wood-design.at\/index.php?rest_route=\/wp\/v2\/types\/product"}],"replies":[{"embeddable":true,"href":"https:\/\/www.wood-design.at\/index.php?rest_route=%2Fwp%2Fv2%2Fcomments&post=662"}],"wp:featuredmedia":[{"embeddable":true,"href":"https:\/\/www.wood-design.at\/index.php?rest_route=\/wp\/v2\/media\/1387"}],"wp:attachment":[{"href":"https:\/\/www.wood-design.at\/index.php?rest_route=%2Fwp%2Fv2%2Fmedia&parent=662"}],"curies":[{"name":"wp","href":"https:\/\/api.w.org\/{rel}","templated":true}]}}